{"id":114,"date":"2020-04-13T18:34:49","date_gmt":"2020-04-13T18:34:49","guid":{"rendered":"https:\/\/piloodikool.ee\/?page_id=114"},"modified":"2025-12-20T15:42:43","modified_gmt":"2025-12-20T15:42:43","slug":"kontroll-lennud","status":"publish","type":"page","link":"https:\/\/piloodikool.ee\/?page_id=114","title":{"rendered":"KONTROLL-LENNUD"},"content":{"rendered":"\n<p class=\"has-text-align-left has-very-dark-gray-color has-text-color\">Pakume v\u00f5imalust sooritada p\u00e4devuse pikendamiseks n\u00f5utud lennuoskuse tasemekontroll-lende allj\u00e4rgnevatel kopteri t\u00fc\u00fcpidel ja lennuki klassil SEP.<\/p>\n\n\n\n<div class=\"wp-block-media-text alignwide has-media-on-the-right is-stacked-on-mobile\"><div class=\"wp-block-media-text__content\">\n<ul id=\"block-0ac4f885-71be-488f-9157-b9c40b930aeb\" class=\"wp-block-list\">\n<li>Cessna 172R\/ SEP(A)<\/li>\n\n\n\n<li>Enstrom ENF480 \/ ENF480<\/li>\n\n\n\n<li>Eurocopter (Airbus Helicopters) EC120B \/ EC120B<\/li>\n\n\n\n<li>Eurocopter (Airbus Helicopters) H135 \/ EC135\/635 (VFR\/IFR)<\/li>\n\n\n\n<li>Eurocopter (Airbus Helicopters) H130 \/ AS350\/EC130<\/li>\n\n\n\n<li>Helicopter Guimbal Cabri G2 \/ Cabri G2<\/li>\n\n\n\n<li>Hughes \/Schweitzer 269 \/ HU269<\/li>\n\n\n\n<li>McDonnell Douglas Helicopters 369 \/ HU369\/MD500N\/600N<\/li>\n\n\n\n<li>Robinson Helicopter Company R22 \/ R22<\/li>\n\n\n\n<li>Robinson Helicopter Company R44 \/ R44<\/li>\n\n\n\n<li>Robinson Helicopter Company R66 \/ R66<\/li>\n<\/ul>\n<\/div><figure class=\"wp-block-media-text__media\"><img loading=\"lazy\" decoding=\"async\" width=\"1440\" height=\"1699\" src=\"https:\/\/piloodikool.ee\/wp-content\/uploads\/2020\/05\/ECB28A6B-D22E-4336-B5D4-FB7455454A90.jpeg\" alt=\"\" class=\"wp-image-610 size-full\" srcset=\"https:\/\/piloodikool.ee\/wp-content\/uploads\/2020\/05\/ECB28A6B-D22E-4336-B5D4-FB7455454A90.jpeg 1440w, https:\/\/piloodikool.ee\/wp-content\/uploads\/2020\/05\/ECB28A6B-D22E-4336-B5D4-FB7455454A90-254x300.jpeg 254w, https:\/\/piloodikool.ee\/wp-content\/uploads\/2020\/05\/ECB28A6B-D22E-4336-B5D4-FB7455454A90-868x1024.jpeg 868w, https:\/\/piloodikool.ee\/wp-content\/uploads\/2020\/05\/ECB28A6B-D22E-4336-B5D4-FB7455454A90-768x906.jpeg 768w, https:\/\/piloodikool.ee\/wp-content\/uploads\/2020\/05\/ECB28A6B-D22E-4336-B5D4-FB7455454A90-1302x1536.jpeg 1302w, https:\/\/piloodikool.ee\/wp-content\/uploads\/2020\/05\/ECB28A6B-D22E-4336-B5D4-FB7455454A90-800x944.jpeg 800w\" sizes=\"auto, (max-width: 1440px) 100vw, 1440px\" \/><\/figure><\/div>\n\n\n\n<p><\/p>\n","protected":false},"excerpt":{"rendered":"<p>Pakume v\u00f5imalust sooritada p\u00e4devuse pikendamiseks n\u00f5utud lennuoskuse tasemekontroll-lende allj\u00e4rgnevatel kopteri t\u00fc\u00fcpidel ja lennuki klassil SEP.<\/p>\n","protected":false},"author":1,"featured_media":0,"parent":0,"menu_order":0,"comment_status":"closed","ping_status":"closed","template":"","meta":{"footnotes":""},"class_list":["post-114","page","type-page","status-publish","hentry"],"_links":{"self":[{"href":"https:\/\/piloodikool.ee\/index.php?rest_route=\/wp\/v2\/pages\/114","targetHints":{"allow":["GET"]}}],"collection":[{"href":"https:\/\/piloodikool.ee\/index.php?rest_route=\/wp\/v2\/pages"}],"about":[{"href":"https:\/\/piloodikool.ee\/index.php?rest_route=\/wp\/v2\/types\/page"}],"author":[{"embeddable":true,"href":"https:\/\/piloodikool.ee\/index.php?rest_route=\/wp\/v2\/users\/1"}],"replies":[{"embeddable":true,"href":"https:\/\/piloodikool.ee\/index.php?rest_route=%2Fwp%2Fv2%2Fcomments&post=114"}],"version-history":[{"count":0,"href":"https:\/\/piloodikool.ee\/index.php?rest_route=\/wp\/v2\/pages\/114\/revisions"}],"wp:attachment":[{"href":"https:\/\/piloodikool.ee\/index.php?rest_route=%2Fwp%2Fv2%2Fmedia&parent=114"}],"curies":[{"name":"wp","href":"https:\/\/api.w.org\/{rel}","templated":true}]}}