{"id":1220,"date":"2022-01-10T11:11:37","date_gmt":"2022-01-10T11:11:37","guid":{"rendered":"https:\/\/piloodikool.ee\/?page_id=1220"},"modified":"2023-02-02T13:41:54","modified_gmt":"2023-02-02T13:41:54","slug":"instruktori-koolitused","status":"publish","type":"page","link":"https:\/\/piloodikool.ee\/?page_id=1220","title":{"rendered":"INSTRUKTORI KOOLITUSED"},"content":{"rendered":"\n<div class=\"wp-block-buttons is-layout-flex wp-block-buttons-is-layout-flex\">\n<div class=\"wp-block-button is-style-outline is-style-outline--1\"><a class=\"wp-block-button__link has-black-color has-vivid-purple-background-color has-text-color has-background wp-element-button\" href=\"#FIA\">LENNUINSTRUKTORI KOOLITUS LENNUKIL<\/a><\/div>\n\n\n\n<div class=\"wp-block-button is-style-outline is-style-outline--2\"><a class=\"wp-block-button__link has-black-color has-vivid-green-cyan-background-color has-text-color has-background wp-element-button\" href=\"#FIH\">LENNUINSTRUKTORI KOOLITUS KOPTERIL<\/a><\/div>\n\n\n\n<div class=\"wp-block-button is-style-outline is-style-outline--3\"><a class=\"wp-block-button__link has-very-light-gray-color has-very-dark-gray-background-color has-text-color has-background wp-element-button\" href=\"#ec135tri\" rel=\"\">EC135\/635 T\u00dc\u00dcBIINSTRUKTORI KOOLITUS<\/a><\/div>\n\n\n\n<div class=\"wp-block-button is-style-outline is-style-outline--4\"><a class=\"wp-block-button__link has-black-color has-vivid-red-background-color has-text-color has-background wp-element-button\" href=\"#SEM\">INSTRUKTORITE SEMINAR<\/a><\/div>\n<\/div>\n\n\n\n<hr class=\"wp-block-separator has-text-color has-css-opacity has-background\" style=\"background-color:#ffffff;color:#ffffff\"\/>\n\n\n\n<hr class=\"wp-block-separator has-text-color has-css-opacity has-background\" style=\"background-color:#ffffff;color:#ffffff\"\/>\n\n\n\n<hr class=\"wp-block-separator has-text-color has-css-opacity has-background\" style=\"background-color:#ffffff;color:#ffffff\"\/>\n\n\n\n<hr class=\"wp-block-separator has-text-color has-css-opacity has-background\" style=\"background-color:#ffffff;color:#ffffff\"\/>\n\n\n\n<hr class=\"wp-block-separator has-text-color has-css-opacity has-background\" style=\"background-color:#ffffff;color:#ffffff\"\/>\n\n\n\n<hr class=\"wp-block-separator has-css-opacity is-style-wide\"\/>\n\n\n\n<h2 class=\"has-text-color wp-block-heading\" id=\"FIA\" style=\"color:#ffffff\">FIA<\/h2>\n\n\n\n<p>  <\/p>\n\n\n\n<hr class=\"wp-block-separator has-text-color has-css-opacity has-background\" style=\"background-color:#ffffff;color:#ffffff\"\/>\n\n\n\n<hr class=\"wp-block-separator has-text-color has-css-opacity has-background\" style=\"background-color:#ffffff;color:#ffffff\"\/>\n\n\n\n<hr class=\"wp-block-separator has-text-color has-css-opacity has-background\" style=\"background-color:#ffffff;color:#ffffff\"\/>\n\n\n\n<hr class=\"wp-block-separator has-text-color has-css-opacity has-background\" style=\"background-color:#ffffff;color:#ffffff\"\/>\n\n\n\n<h2 class=\"wp-block-heading\">Instruktori koolitus lennukil \/ FI(A)<\/h2>\n\n\n\n<div class=\"wp-block-media-text alignwide has-media-on-the-right is-stacked-on-mobile is-vertically-aligned-center is-image-fill\" style=\"grid-template-columns:auto 21%\"><div class=\"wp-block-media-text__content\">\n<p>Instruktori koolitus annab \u00f5iguse tegutseda lennuki instruktorina erinevatel piloodi koolituse kursustel lennu\u00f5petajana ja teooria \u00f5petajana.<\/p>\n\n\n\n<p>Koolitus koosneb saja kahek\u00fcmne viiest tunnist teooria\u00f5ppest, mille k\u00e4igus \u00f5pitakse \u00f5petamise metoodikat ning l\u00e4bitakse s\u00fcvendatud \u00f5pe piloodi teooria\u00f5ppe ainete l\u00e4biviimisel. Lisaks tuleb l\u00e4bida kolmk\u00fcmmend tundi lennu\u00f5pet \u00fchemootorilisel lennukil v\u00f5i viis tundi lennu\u00f5pet simulaatoril ja kaksk\u00fcmmend viis tundi lennu\u00f5pet \u00fchemootorilisel lennukil.<\/p>\n\n\n\n<p><strong>Koolitusele asumise tingimuste ja hindade osas palume \u00fchendust v\u00f5tta.<\/strong><\/p>\n<\/div><figure class=\"wp-block-media-text__media\" style=\"background-image:url(https:\/\/piloodikool.ee\/wp-content\/uploads\/2023\/02\/FIA-787x1024.jpeg);background-position:50% 50%\"><img loading=\"lazy\" decoding=\"async\" width=\"787\" height=\"1024\" src=\"https:\/\/piloodikool.ee\/wp-content\/uploads\/2023\/02\/FIA-787x1024.jpeg\" alt=\"\" class=\"wp-image-1462 size-full\" srcset=\"https:\/\/piloodikool.ee\/wp-content\/uploads\/2023\/02\/FIA-787x1024.jpeg 787w, https:\/\/piloodikool.ee\/wp-content\/uploads\/2023\/02\/FIA-231x300.jpeg 231w, https:\/\/piloodikool.ee\/wp-content\/uploads\/2023\/02\/FIA-768x999.jpeg 768w, https:\/\/piloodikool.ee\/wp-content\/uploads\/2023\/02\/FIA-800x1041.jpeg 800w, https:\/\/piloodikool.ee\/wp-content\/uploads\/2023\/02\/FIA.jpeg 984w\" sizes=\"auto, (max-width: 787px) 100vw, 787px\" \/><\/figure><\/div>\n\n\n\n<p>  <\/p>\n\n\n\n<hr class=\"wp-block-separator has-text-color has-css-opacity has-background\" style=\"background-color:#ffffff;color:#ffffff\"\/>\n\n\n\n<hr class=\"wp-block-separator has-text-color has-css-opacity has-background\" style=\"background-color:#ffffff;color:#ffffff\"\/>\n\n\n\n<hr class=\"wp-block-separator has-alpha-channel-opacity\"\/>\n\n\n\n<hr class=\"wp-block-separator has-text-color has-alpha-channel-opacity has-background\" style=\"background-color:#ffffff00;color:#ffffff00\"\/>\n\n\n\n<h2 class=\"has-text-color wp-block-heading\" id=\"FIH\" style=\"color:#ffffff\">FIH<\/h2>\n\n\n\n<p>  <\/p>\n\n\n\n<hr class=\"wp-block-separator has-text-color has-css-opacity has-background\" style=\"background-color:#ffffff;color:#ffffff\"\/>\n\n\n\n<hr class=\"wp-block-separator has-text-color has-css-opacity has-background\" style=\"background-color:#ffffff;color:#ffffff\"\/>\n\n\n\n<hr class=\"wp-block-separator has-text-color has-css-opacity has-background\" style=\"background-color:#ffffff;color:#ffffff\"\/>\n\n\n\n<hr class=\"wp-block-separator has-text-color has-css-opacity has-background\" style=\"background-color:#ffffff;color:#ffffff\"\/>\n\n\n\n<h2 class=\"wp-block-heading\">Instruktori koolitus kopteril \/ FI(H)<\/h2>\n\n\n\n<div class=\"wp-block-media-text alignwide is-stacked-on-mobile is-vertically-aligned-center is-image-fill\" style=\"grid-template-columns:21% auto\"><figure class=\"wp-block-media-text__media\" style=\"background-image:url(https:\/\/piloodikool.ee\/wp-content\/uploads\/2023\/02\/FIH-1-1024x768.jpeg);background-position:50% 50%\"><img loading=\"lazy\" decoding=\"async\" width=\"1024\" height=\"768\" src=\"https:\/\/piloodikool.ee\/wp-content\/uploads\/2023\/02\/FIH-1-1024x768.jpeg\" alt=\"\" class=\"wp-image-1472 size-full\" srcset=\"https:\/\/piloodikool.ee\/wp-content\/uploads\/2023\/02\/FIH-1-1024x768.jpeg 1024w, https:\/\/piloodikool.ee\/wp-content\/uploads\/2023\/02\/FIH-1-300x225.jpeg 300w, https:\/\/piloodikool.ee\/wp-content\/uploads\/2023\/02\/FIH-1-768x576.jpeg 768w, https:\/\/piloodikool.ee\/wp-content\/uploads\/2023\/02\/FIH-1-1536x1152.jpeg 1536w, https:\/\/piloodikool.ee\/wp-content\/uploads\/2023\/02\/FIH-1-2048x1536.jpeg 2048w, https:\/\/piloodikool.ee\/wp-content\/uploads\/2023\/02\/FIH-1-800x600.jpeg 800w, https:\/\/piloodikool.ee\/wp-content\/uploads\/2023\/02\/FIH-1-400x300.jpeg 400w\" sizes=\"auto, (max-width: 1024px) 100vw, 1024px\" \/><\/figure><div class=\"wp-block-media-text__content\">\n<p>Instruktori koolitus annab \u00f5iguse tegutseda kopteri instruktorina erinevatel piloodi koolituse kursustel lennu\u00f5petajana ja teooria \u00f5petajana.<\/p>\n\n\n\n<p>Koolitus koosneb saja kahek\u00fcmne viiest tunnist teooria\u00f5ppest, mille k\u00e4igus \u00f5pitakse \u00f5petamise metoodikat ning l\u00e4bitakse s\u00fcvendatud \u00f5pe piloodi teooria\u00f5ppe ainete l\u00e4biviimisel. Lisaks tuleb l\u00e4bida kolmk\u00fcmmend tundi lennu\u00f5pet kopteril v\u00f5i viis tundi lennu\u00f5pet simulaatoril ja kaksk\u00fcmmend viis tundi lennu\u00f5pet kopteril.<\/p>\n\n\n\n<p><strong>Koolitusele asumise tingimuste ja hindade osas palume \u00fchendust v\u00f5tta.<\/strong><\/p>\n<\/div><\/div>\n\n\n\n<hr class=\"wp-block-separator has-text-color has-css-opacity has-background\" style=\"background-color:#ffffff;color:#ffffff\"\/>\n\n\n\n<hr class=\"wp-block-separator has-alpha-channel-opacity\"\/>\n\n\n\n<h2 class=\"has-text-color wp-block-heading\" id=\"ec135tri\" style=\"color:#ffffff\">EC135TRI<\/h2>\n\n\n\n<p>  <\/p>\n\n\n\n<hr class=\"wp-block-separator has-text-color has-css-opacity has-background\" style=\"background-color:#ffffff;color:#ffffff\"\/>\n\n\n\n<hr class=\"wp-block-separator has-text-color has-css-opacity has-background\" style=\"background-color:#ffffff;color:#ffffff\"\/>\n\n\n\n<hr class=\"wp-block-separator has-text-color has-css-opacity has-background\" style=\"background-color:#ffffff;color:#ffffff\"\/>\n\n\n\n<hr class=\"wp-block-separator has-text-color has-css-opacity has-background\" style=\"background-color:#ffffff;color:#ffffff\"\/>\n\n\n\n<h2 class=\"wp-block-heading\">Eurocopter EC135\/635 T\u00fc\u00fcbiinstruktori koolitus  \/ TRI(H) EC135\/635<\/h2>\n\n\n\n<div class=\"wp-block-media-text alignwide has-media-on-the-right is-stacked-on-mobile is-vertically-aligned-center is-image-fill\" style=\"grid-template-columns:auto 21%\"><div class=\"wp-block-media-text__content\">\n<p>EC135 t\u00fc\u00fcbiinstruktori koolitus annab \u00f5iguse tegutseda mitmemootorilisel EC135 kopteri instruktorina \u00fche piloodi meeskonna koolitusel.<\/p>\n\n\n\n<p>Koolitus koosneb viiek\u00fcmnest tunnist teooria\u00f5ppest, mille k\u00e4igus \u00f5pitakse \u00f5petamise metoodikat ning l\u00e4bitakse s\u00fcvendatud EC135\/635 kopteri tehniline \u00f5pe. Lisaks tuleb l\u00e4bida viis tundi lennu\u00f5pet EC135 kopteril v\u00f5i kolm tundi lennu\u00f5pet vastava t\u00fc\u00fcbi simulaatoril ja kaks tundi lennu\u00f5pet EC135 kopteril.<\/p>\n\n\n\n<p>Koolituse k\u00e4igus omandatakse teoreetilised ja praktilised teadmised EC135 kopteril piloodikoolituse l\u00e4biviimiseks. Lennupraktika k\u00e4igus harjutatakse erinevate man\u00f6\u00f6vrite \u00f5petamise metoodikat, n\u00e4iteks \u00f5pitakse kuidas koolitada ning l\u00e4bi viia harjutusi ripplennus, ringlennul, maandumist ja starti. Erilist r\u00f5hku pannakse harjutustele h\u00e4da-ja eriolukordades toime tulemise koolitamisel.<\/p>\n\n\n\n<p><strong>Koolitusele asumise tingimuste ja hindade osas palume \u00fchendust v\u00f5tta.<\/strong><\/p>\n<\/div><figure class=\"wp-block-media-text__media\" style=\"background-image:url(https:\/\/piloodikool.ee\/wp-content\/uploads\/2021\/11\/1.jpeg);background-position:50% 50%\"><img loading=\"lazy\" decoding=\"async\" width=\"1024\" height=\"1024\" src=\"https:\/\/piloodikool.ee\/wp-content\/uploads\/2021\/11\/1.jpeg\" alt=\"\" class=\"wp-image-1200 size-full\" srcset=\"https:\/\/piloodikool.ee\/wp-content\/uploads\/2021\/11\/1.jpeg 1024w, https:\/\/piloodikool.ee\/wp-content\/uploads\/2021\/11\/1-300x300.jpeg 300w, https:\/\/piloodikool.ee\/wp-content\/uploads\/2021\/11\/1-150x150.jpeg 150w, https:\/\/piloodikool.ee\/wp-content\/uploads\/2021\/11\/1-768x768.jpeg 768w, https:\/\/piloodikool.ee\/wp-content\/uploads\/2021\/11\/1-800x800.jpeg 800w\" sizes=\"auto, (max-width: 1024px) 100vw, 1024px\" \/><\/figure><\/div>\n\n\n\n<p>  <\/p>\n\n\n\n<hr class=\"wp-block-separator has-text-color has-css-opacity has-background\" style=\"background-color:#ffffff;color:#ffffff\"\/>\n\n\n\n<hr class=\"wp-block-separator has-text-color has-css-opacity has-background\" style=\"background-color:#ffffff;color:#ffffff\"\/>\n\n\n\n<hr class=\"wp-block-separator has-text-color has-css-opacity has-background\" style=\"background-color:#ffffff;color:#ffffff\"\/>\n\n\n\n<hr class=\"wp-block-separator has-alpha-channel-opacity\"\/>\n\n\n\n<hr class=\"wp-block-separator has-text-color has-alpha-channel-opacity has-background\" style=\"background-color:#ffffff05;color:#ffffff05\"\/>\n\n\n\n<h2 class=\"has-text-color wp-block-heading\" id=\"SEM\" style=\"color:#00000000\">SEM<\/h2>\n\n\n\n<hr class=\"wp-block-separator has-text-color has-alpha-channel-opacity has-background\" style=\"background-color:#ffffff05;color:#ffffff05\"\/>\n\n\n\n<h2 class=\"wp-block-heading\">Instruktorite seminar<\/h2>\n\n\n\n<div class=\"wp-block-media-text alignwide is-stacked-on-mobile is-vertically-aligned-center is-image-fill\" style=\"grid-template-columns:21% auto\"><figure class=\"wp-block-media-text__media\" style=\"background-image:url(https:\/\/piloodikool.ee\/wp-content\/uploads\/2023\/02\/SIM-1-1024x768.jpeg);background-position:68% 57%\"><img loading=\"lazy\" decoding=\"async\" width=\"1024\" height=\"768\" src=\"https:\/\/piloodikool.ee\/wp-content\/uploads\/2023\/02\/SIM-1-1024x768.jpeg\" alt=\"\" class=\"wp-image-1475 size-full\" srcset=\"https:\/\/piloodikool.ee\/wp-content\/uploads\/2023\/02\/SIM-1-1024x768.jpeg 1024w, https:\/\/piloodikool.ee\/wp-content\/uploads\/2023\/02\/SIM-1-300x225.jpeg 300w, https:\/\/piloodikool.ee\/wp-content\/uploads\/2023\/02\/SIM-1-768x576.jpeg 768w, https:\/\/piloodikool.ee\/wp-content\/uploads\/2023\/02\/SIM-1-1536x1152.jpeg 1536w, https:\/\/piloodikool.ee\/wp-content\/uploads\/2023\/02\/SIM-1-2048x1536.jpeg 2048w, https:\/\/piloodikool.ee\/wp-content\/uploads\/2023\/02\/SIM-1-800x600.jpeg 800w, https:\/\/piloodikool.ee\/wp-content\/uploads\/2023\/02\/SIM-1-400x300.jpeg 400w\" sizes=\"auto, (max-width: 1024px) 100vw, 1024px\" \/><\/figure><div class=\"wp-block-media-text__content\">\n<p>Instruktorite seminar k\u00e4igus v\u00e4rskendatakse ja standardiseeritakse teoreetilised ja praktilised teadmised lennukoolituste l\u00e4biviimisel. <\/p>\n\n\n\n<p><strong>Seminarile asumise tingimuste ja hindade osas palume \u00fchendust v\u00f5tta.<\/strong><\/p>\n<\/div><\/div>\n","protected":false},"excerpt":{"rendered":"<p>FIA Instruktori koolitus lennukil \/ FI(A) Instruktori koolitus annab \u00f5iguse tegutseda lennuki instruktorina erinevatel piloodi koolituse kursustel lennu\u00f5petajana ja teooria \u00f5petajana. Koolitus koosneb saja kahek\u00fcmne viiest tunnist teooria\u00f5ppest, mille k\u00e4igus \u00f5pitakse \u00f5petamise metoodikat ning l\u00e4bitakse s\u00fcvendatud \u00f5pe piloodi teooria\u00f5ppe ainete l\u00e4biviimisel. Lisaks tuleb l\u00e4bida kolmk\u00fcmmend tundi lennu\u00f5pet \u00fchemootorilisel lennukil v\u00f5i viis tundi lennu\u00f5pet simulaatoril ja kaksk\u00fcmmend viis tundi lennu\u00f5pet \u00fchemootorilisel&hellip;<\/p>\n","protected":false},"author":1,"featured_media":0,"parent":0,"menu_order":0,"comment_status":"closed","ping_status":"closed","template":"","meta":{"footnotes":""},"class_list":["post-1220","page","type-page","status-publish","hentry"],"_links":{"self":[{"href":"https:\/\/piloodikool.ee\/index.php?rest_route=\/wp\/v2\/pages\/1220","targetHints":{"allow":["GET"]}}],"collection":[{"href":"https:\/\/piloodikool.ee\/index.php?rest_route=\/wp\/v2\/pages"}],"about":[{"href":"https:\/\/piloodikool.ee\/index.php?rest_route=\/wp\/v2\/types\/page"}],"author":[{"embeddable":true,"href":"https:\/\/piloodikool.ee\/index.php?rest_route=\/wp\/v2\/users\/1"}],"replies":[{"embeddable":true,"href":"https:\/\/piloodikool.ee\/index.php?rest_route=%2Fwp%2Fv2%2Fcomments&post=1220"}],"version-history":[{"count":0,"href":"https:\/\/piloodikool.ee\/index.php?rest_route=\/wp\/v2\/pages\/1220\/revisions"}],"wp:attachment":[{"href":"https:\/\/piloodikool.ee\/index.php?rest_route=%2Fwp%2Fv2%2Fmedia&parent=1220"}],"curies":[{"name":"wp","href":"https:\/\/api.w.org\/{rel}","templated":true}]}}