{"id":1250,"date":"2022-01-30T19:30:43","date_gmt":"2022-01-30T19:30:43","guid":{"rendered":"https:\/\/piloodikool.ee\/?page_id=1250"},"modified":"2022-01-30T19:34:06","modified_gmt":"2022-01-30T19:34:06","slug":"opilasele","status":"publish","type":"page","link":"https:\/\/piloodikool.ee\/?page_id=1250","title":{"rendered":"PILOODILE"},"content":{"rendered":"\n<div class=\"wp-block-buttons is-layout-flex wp-block-buttons-is-layout-flex\">\n<div class=\"wp-block-button is-style-outline is-style-outline--1\"><a class=\"wp-block-button__link has-black-color has-pale-cyan-blue-background-color has-text-color has-background\" href=\"#Tervis\">TERVISET\u00d5ENDID<\/a><\/div>\n\n\n\n<div class=\"wp-block-button is-style-outline is-style-outline--2\"><a class=\"wp-block-button__link has-vivid-green-cyan-background-color has-background\" href=\"#raadio\"><meta charset=\"utf-8\">RAADIOSIDE PIDAMISE \u00d5IGUS<\/a><\/div>\n\n\n\n<div class=\"wp-block-button is-style-outline is-style-outline--3\"><a class=\"wp-block-button__link has-black-color has-vivid-red-background-color has-text-color has-background\" href=\"#Keel\">INGLISE KEELE TEST<\/a><\/div>\n<\/div>\n\n\n\n<hr class=\"wp-block-separator has-text-color has-background\" style=\"background-color:#fffcfc;color:#fffcfc\"\/>\n\n\n\n<hr class=\"wp-block-separator has-text-color has-background\" style=\"background-color:#fffcfc;color:#fffcfc\"\/>\n\n\n\n<hr class=\"wp-block-separator has-text-color has-background\" style=\"background-color:#fffcfc;color:#fffcfc\"\/>\n\n\n\n<hr class=\"wp-block-separator has-text-color has-background\" style=\"background-color:#fffcfc;color:#fffcfc\"\/>\n\n\n\n<hr class=\"wp-block-separator has-text-color has-background\" style=\"background-color:#fffcfc;color:#fffcfc\"\/>\n\n\n\n<p class=\"has-white-color has-white-background-color has-text-color has-background\" id=\"Tervis\"><strong>Tervis<\/strong><\/p>\n\n\n\n<hr class=\"wp-block-separator has-text-color has-background\" style=\"background-color:#fffcfc;color:#fffcfc\"\/>\n\n\n\n<hr class=\"wp-block-separator has-text-color has-background\" style=\"background-color:#fffcfc;color:#fffcfc\"\/>\n\n\n\n<h1 class=\"wp-block-heading\" id=\"tervisetoendid-lennunduses\"><strong>Terviset\u00f5endid lennunduses<\/strong><\/h1>\n\n\n\n<p>Lennundusmeditsiiniline tervisekontroll on taotleja terviseseisundit k\u00e4sitlev otsus, mis p\u00f5hineb taotleja terviseandmete hindamisel ja lennundusmeditsiinilisel l\u00e4bivaatusel ning meditsiinilistel uuringutel.<\/p>\n\n\n\n<h4 class=\"has-normal-font-size wp-block-heading\" id=\"tervisetoendi-nouded\"><strong>Terviset\u00f5endi n\u00f5uded<\/strong><\/h4>\n\n\n\n<ul class=\"wp-block-list\"><li>kerg\u00f5hus\u00f5idukipiloodi loa (LAPL) taotlejal ja omanikul peab olema v\u00e4hemalt LAPL-klassi terviset\u00f5end;<\/li><li>erapiloodiloa (PPL), purilennukipiloodi (SPL) v\u00f5i \u00f5hupallipiloodi loa (BPL) taotlejail ja omanikel peab olema v\u00e4hemalt klass 2 terviset\u00f5end;<\/li><li>ametipiloodi loa (CPL), teise piloodi loa (MPL) v\u00f5i liinipiloodi loa (ATPL) taotlejail ja omanikel peab olema v\u00e4hemalt klass 1 terviset\u00f5end;<\/li><li>piloodi\u00f5pilane peab omama vastava loa saamiseks vajalikku terviset\u00f5endit.<\/li><\/ul>\n\n\n\n<p>Klass 1&nbsp;terviset\u00f5end sisaldab klassi 2 ja LAPL-klassi terviset\u00f5enditega kaasnevaid \u00f5igusi ja volitusi. Klass 2&nbsp;terviset\u00f5end sisaldab LAPL-klassi terviset\u00f5endiga kaasnevaid \u00f5igusi ja volitusi.<\/p>\n\n\n\n<p>Terviset\u00f5endi taotlejad esitavad lennundusmeditsiinikeskusele v\u00f5i lennundusarstile j\u00e4rgmised dokumendid:<\/p>\n\n\n\n<ul class=\"wp-block-list\"><li>isikut t\u00f5endav dokument;<\/li><li>allkirjastatud avaldus;<\/li><li>terviset\u00f5endi pikendamisel v\u00f5i taastamisel eelnev terviset\u00f5end.<\/li><\/ul>\n\n\n\n<h4 class=\"wp-block-heading\" id=\"tervisetoendi-kehtivus\"><strong>Terviset\u00f5endi kehtivus&nbsp;<\/strong><\/h4>\n\n\n\n<p>Terviset\u00f5endi kehtivus on kindlaks m\u00e4\u00e4ratud taotleja vanusega arstliku l\u00e4bivaatuse kuup\u00e4eval.<br><br><strong>Klass 1 &#8211; \u00e4riline reisilennutransport \u00fche piloodiga \u00f5hus\u00f5idukil<\/strong><br>kuni 40. a&nbsp;&nbsp;&#8211; 12 kuud<br>alates 40. a &#8211; 6 kuud<br><br><strong>Klass 1 &#8211; muu kommertstegevus<\/strong><br>kuni 60. a &#8211; 12 kuud<br>alates 60. a &#8211; 6 kuud<br><br><strong>Klass 2<\/strong><br>kuni 40. a &#8211; 60 kuud (kehtib kuni 42. s\u00fcnnip\u00e4evani)<br>40.-49. a &#8211; 24 kuud (kehtib kuni 51. s\u00fcnnip\u00e4evani)<br>alates 50. a &#8211; 12 kuud<br><br><strong>Klass LAPL<\/strong><br>kuni 40. a &#8211; 60 kuud (kehtib kuni 42. s\u00fcnnip\u00e4evani)<br>alates 40. a &#8211; 24 kuud<\/p>\n\n\n\n<h4 class=\"wp-block-heading\" id=\"terviseseisundi-halvenemine\"><strong>Terviseseisundi halvenemine<\/strong><\/h4>\n\n\n\n<p>Loa omanikud&nbsp;ei tohi mingil juhul tegutseda oma loaga kaasnevate \u00f5iguste piires, kui nad:<\/p>\n\n\n\n<ul class=\"wp-block-list\"><li>on teadlikud oma terviseseisundi&nbsp; mis tahes halvenemisest, mille tagaj\u00e4rjel ei pruugi nad suuta osutatud \u00f5iguste piires ohutult tegutseda;<\/li><li>manustavad v\u00f5i kasutavad mis tahes retsepti- v\u00f5i k\u00e4sim\u00fc\u00fcgiravimit, mis v\u00f5ib takistada ohutut tegutsemist asjaomase loaga kaasnevate \u00f5iguste piires;<\/li><li>saavad mis tahes meditsiinilist, kirurgilist v\u00f5i muud ravi, mis v\u00f5ib m\u00f5jutada loaga kaasnevate \u00f5iguste kasutamist.<\/li><\/ul>\n\n\n\n<p>Terviset\u00f5endi omanikud peavad viivitamatult ja enne loaga kaasnevate \u00f5iguste kasutamist k\u00fcsima lennundusmeditsiinilist n\u00f5u, kui:<\/p>\n\n\n\n<ul class=\"wp-block-list\"><li>neile on tehtud kirurgiline operatsioon v\u00f5i invasiivne protseduur;<\/li><li>nad on hakanud regulaarselt kasutama mis tahes ravimit;<\/li><li>neil on olnud mis tahes oluline vigastus, millega kaasneb suutmatus loa kaasnevaid \u00f5igusi kasutada;<\/li><li>neil on olnud mistahes m\u00e4rkimisv\u00e4\u00e4rne haigus, millega kaasneb suutmatus loaga kaasnevaid \u00f5igusi kasutada;<\/li><li>nad on rasedad;<\/li><li>nad on v\u00f5etud haiglasse v\u00f5i kliinikusse statsionaarsele ravile;<\/li><li>nad vajavad esmakordselt korrigeerivaid l\u00e4\u00e4tsi.<\/li><\/ul>\n\n\n\n<p>Terviset\u00f5endite omanikud peavad terviseseisundi muutumisel n\u00f5u saamiseks p\u00f6\u00f6rduma lennundusmeditsiinikeskuse v\u00f5i lennundusarsti poole.<\/p>\n\n\n\n<p>Lennundusmeditsiinikeskus v\u00f5i lennundusarst kontrollib terviset\u00f5endi&nbsp; omaniku terviseseisundit ja otsustab, kas v\u00f5ib j\u00e4tkata tegutsemist oma \u00f5iguste piires.<\/p>\n\n\n\n<p>Info tervisekontrolli l\u00e4biviijate kohta leiab Transpordiameti kodulehelt: <a rel=\"noreferrer noopener\" href=\"https:\/\/transpordiamet.ee\/liikuvus-ja-transpordikorraldus\/lennundusmeditsiin\/tervisetoendid#tervisekontrolli-lb\" target=\"_blank\"><strong>Tervisekontrolli l\u00e4biviijad<\/strong><\/a><\/p>\n\n\n\n<div class=\"wp-block-group\"><div class=\"wp-block-group__inner-container is-layout-flow wp-block-group-is-layout-flow\">\n<hr class=\"wp-block-separator has-text-color has-background\" style=\"background-color:#fffcfc;color:#fffcfc\"\/>\n\n\n\n<hr class=\"wp-block-separator has-text-color has-background\" style=\"background-color:#fffcfc;color:#fffcfc\"\/>\n\n\n\n<hr class=\"wp-block-separator has-text-color has-background\" style=\"background-color:#fffcfc;color:#fffcfc\"\/>\n\n\n\n<hr class=\"wp-block-separator has-text-color has-background\" style=\"background-color:#fffcfc;color:#fffcfc\"\/>\n\n\n\n<hr class=\"wp-block-separator has-text-color has-background\" style=\"background-color:#fffcfc;color:#fffcfc\"\/>\n<\/div><\/div>\n\n\n\n<p class=\"has-white-color has-white-background-color has-text-color has-background\" id=\"raadio\"><strong>RAADIO<\/strong><\/p>\n\n\n\n<hr class=\"wp-block-separator has-text-color has-background\" style=\"background-color:#fffcfc;color:#fffcfc\"\/>\n\n\n\n<h1 class=\"wp-block-heading\" id=\"raadioside-pidamise-oigus\"><strong>Raadioside pidamise \u00f5igus<\/strong><\/h1>\n\n\n\n<p>Vastavalt kehtivale seadusele peab raadioside pidamiseks lennundussagedustel vahemikus 118,000\u2013137,000 MHz omama isik lennunduse raadioside luba, mis annab \u00f5iguse pidada raadiosidet vastavalt loale kantud tingimustele. Raadioside reeglid kuidas raadiosidet lennundussagudesel pidada on kehtestatud majandus- ja kommunikatsiooniministri m\u00e4\u00e4rusega.<\/p>\n\n\n\n<p>S\u00f5ltuvalt kursuset on piloodikoolituse \u00fcheks osaks \u00f5pilase lennud \u00fcksinda ning selleks, et soololennule minna, pead muuhulgas \u00f5pilane omama ka kehtivat raadioside luba. Loa saamiseks tuleb sooritada raadioside kvalifikatsioonieksam.<\/p>\n\n\n\n<p>Raadioside kvalifikatsioonieksami osadeks on:<\/p>\n\n\n\n<ul class=\"wp-block-list\"><li>raadiotehnika eksam \u2013 kirjalik eksam \u00f5hus\u00f5iduki raadiosidevahendite, nende k\u00e4itamise p\u00f5hialuste ja enamesinevate h\u00e4irete kohta;<\/li><li>raadioside fraseoloogia eksam \u2013 suuline eksam t\u00f5endamaks, et taotleja on suuteline pidama raadiosidet lennundusloa omanikule esitatavate n\u00f5uete kohaselt nii tava- kui h\u00e4daolukorras ning tunneb vastavaid reegleid ja fraseoloogiat.<\/li><\/ul>\n\n\n\n<p>Kirjalik eksam loetakse sooritatuks, kui taotleja on vastanud 75 protsendile k\u00fcsimustest \u00f5igesti. Suuline eksam loetakse sooritatuks, kui eksamineerija(d) on otsustanud, et taotleja valdab lennunduses kasutatavat raadioside fraseoloogiat.<\/p>\n\n\n\n<p>Raadioside loa v\u00e4ljastmiseks tuleb esitada Raadioside kvalifikatsioonieksami avalduse ja aruande t\u00e4idetud vorm  Transpordiameti Liikuvuse korraldamise teenistus Lennutegevuse \u00fcksusele. <\/p>\n\n\n\n<p><meta charset=\"utf-8\">Raadioside kvalifikatsioonieksami avalduse ja aruande vormi leiab j\u00e4rgnevalt lingilt: <a href=\"https:\/\/www.riigiteataja.ee\/aktilisa\/1280\/6201\/3018\/lisa.pdf#\"><strong>VORM<\/strong><\/a><\/p>\n\n\n\n<hr class=\"wp-block-separator has-text-color has-background\" style=\"background-color:#fffcfc;color:#fffcfc\"\/>\n\n\n\n<hr class=\"wp-block-separator has-text-color has-background\" style=\"background-color:#fffcfc;color:#fffcfc\"\/>\n\n\n\n<hr class=\"wp-block-separator has-text-color has-background\" style=\"background-color:#fffcfc;color:#fffcfc\"\/>\n\n\n\n<hr class=\"wp-block-separator has-text-color has-background\" style=\"background-color:#fffcfc;color:#fffcfc\"\/>\n\n\n\n<p class=\"has-white-color has-white-background-color has-text-color has-background\" id=\"Keel\"><strong>Keel<\/strong><\/p>\n\n\n\n<hr class=\"wp-block-separator has-text-color has-background\" style=\"background-color:#fffcfc;color:#fffcfc\"\/>\n\n\n\n<h1 class=\"wp-block-heading\" id=\"inglise-keele-test\"><strong>Inglise keele Test<\/strong><\/h1>\n\n\n\n<p>Vastavalt ICAO m\u00e4\u00e4rusele 9835 ja Euroopa Parlamendi ja n\u00f5ukogu direktiiv 2006\/23\/EC  peab k\u00f5igi rahvusvaheliselt tegutsevate pilootide ning k\u00f5igi rahvusvahelisi lende korraldavate lennujuhtide inglise keele oskus vastama ICAO kehtestatud tasemele. ICAO keeleoskuse testi n\u00f5ue kehtib k\u00f5ikides ICAO liikmesriikides.<\/p>\n\n\n\n<p>Eksamiga kontrollitakse kuulamis- ning k\u00f5nelemisoskust.&nbsp; Hinnatakse kuut erinevat aspekti: h\u00e4\u00e4ldust, keelestruktuuride kasutamist, s\u00f5navara, k\u00f5ne ladusust, arusaamisoskust ning interaktsiooni. <\/p>\n\n\n\n<p>Testi on v\u00f5imalik teha j\u00e4rgnevalt lingilt: <strong><a href=\"https:\/\/ilpt.net\/\">Aviation eLearning<\/a> <\/strong><\/p>\n\n\n\n<hr class=\"wp-block-separator has-text-color has-background\" style=\"background-color:#fffcfc;color:#fffcfc\"\/>\n\n\n\n<hr class=\"wp-block-separator has-text-color has-background\" style=\"background-color:#fffcfc;color:#fffcfc\"\/>\n\n\n\n<hr class=\"wp-block-separator has-text-color has-background\" style=\"background-color:#fffcfc;color:#fffcfc\"\/>\n\n\n\n<hr class=\"wp-block-separator has-text-color has-background\" style=\"background-color:#fffcfc;color:#fffcfc\"\/>\n\n\n\n<p class=\"has-white-color has-white-background-color has-text-color has-background\" id=\"Varustus\"><strong>Varustus<\/strong><\/p>\n\n\n\n<hr class=\"wp-block-separator has-text-color has-background\" style=\"background-color:#fffcfc;color:#fffcfc\"\/>\n\n\n\n<hr class=\"wp-block-separator has-text-color has-background\" style=\"background-color:#fffcfc;color:#fffcfc\"\/>\n\n\n\n<hr class=\"wp-block-separator has-text-color has-background\" style=\"background-color:#fffcfc;color:#fffcfc\"\/>\n","protected":false},"excerpt":{"rendered":"<p>Tervis Terviset\u00f5endid lennunduses Lennundusmeditsiiniline tervisekontroll on taotleja terviseseisundit k\u00e4sitlev otsus, mis p\u00f5hineb taotleja terviseandmete hindamisel ja lennundusmeditsiinilisel l\u00e4bivaatusel ning meditsiinilistel uuringutel. Terviset\u00f5endi n\u00f5uded kerg\u00f5hus\u00f5idukipiloodi loa (LAPL) taotlejal ja omanikul peab olema v\u00e4hemalt LAPL-klassi terviset\u00f5end; erapiloodiloa (PPL), purilennukipiloodi (SPL) v\u00f5i \u00f5hupallipiloodi loa (BPL) taotlejail ja omanikel peab olema v\u00e4hemalt klass 2 terviset\u00f5end; ametipiloodi loa (CPL), teise piloodi loa (MPL) v\u00f5i liinipiloodi&hellip;<\/p>\n","protected":false},"author":1,"featured_media":0,"parent":0,"menu_order":0,"comment_status":"closed","ping_status":"closed","template":"","meta":{"footnotes":""},"class_list":["post-1250","page","type-page","status-publish","hentry"],"_links":{"self":[{"href":"https:\/\/piloodikool.ee\/index.php?rest_route=\/wp\/v2\/pages\/1250","targetHints":{"allow":["GET"]}}],"collection":[{"href":"https:\/\/piloodikool.ee\/index.php?rest_route=\/wp\/v2\/pages"}],"about":[{"href":"https:\/\/piloodikool.ee\/index.php?rest_route=\/wp\/v2\/types\/page"}],"author":[{"embeddable":true,"href":"https:\/\/piloodikool.ee\/index.php?rest_route=\/wp\/v2\/users\/1"}],"replies":[{"embeddable":true,"href":"https:\/\/piloodikool.ee\/index.php?rest_route=%2Fwp%2Fv2%2Fcomments&post=1250"}],"version-history":[{"count":0,"href":"https:\/\/piloodikool.ee\/index.php?rest_route=\/wp\/v2\/pages\/1250\/revisions"}],"wp:attachment":[{"href":"https:\/\/piloodikool.ee\/index.php?rest_route=%2Fwp%2Fv2%2Fmedia&parent=1250"}],"curies":[{"name":"wp","href":"https:\/\/api.w.org\/{rel}","templated":true}]}}