{"id":1533,"date":"2025-12-20T16:05:05","date_gmt":"2025-12-20T16:05:05","guid":{"rendered":"https:\/\/piloodikool.ee\/?page_id=1533"},"modified":"2025-12-20T16:05:05","modified_gmt":"2025-12-20T16:05:05","slug":"sisekorra-eeskiri","status":"publish","type":"page","link":"https:\/\/piloodikool.ee\/?page_id=1533","title":{"rendered":"Sisekorra eeskiri"},"content":{"rendered":"\n<p>1. M\u00f5isted ja l\u00fchendid<\/p>\n\n\n\n<p>i) EASA \u2013 Euroopa Lennuohutusamet<\/p>\n\n\n\n<p>ii) TRAM \u2013 Transpordiamet<\/p>\n\n\n\n<p>iii) Individuaal\u00f5pe \u2013 koolitus toimub vastavalt \u00f5ppija vajadustele koostatud individuaalse \u00f5ppekava alusel<\/p>\n\n\n\n<p>iv) Praktiline \u00f5pe \u2013 \u00f5pitud teadmiste ja oskuste rakendamine \u00f5ppekeskkonnas<\/p>\n\n\n\n<p>v) Kontakt\u00f5pe \u2013 auditoorses v\u00f5i veebip\u00f5hises \u00f5ppekeskkonnas toimuv \u00f5ppet\u00f6\u00f6, milles osalevad korraga nii \u00fcli\u00f5pilane kui ka \u00f5ppej\u00f5ud, nt loeng, seminar, juhendamine, konsultatsioon<\/p>\n\n\n\n<p>vi) Kaug\u00f5pe \u2013 \u00f5ppevorm, kus \u00f5pitakse iseseisvalt vastavas koolituskeskkonnas<\/p>\n\n\n\n<p>vii) Praktikaseade \u2013 \u00f5hus\u00f5iduk v\u00f5i muu seade, millega viiakse l\u00e4bi praktilist koolitust<\/p>\n\n\n\n<p>viii) OM \u2013 Piloodikool ATO lennutegevusk\u00e4siraamat<\/p>\n\n\n\n<h2 class=\"wp-block-heading\">2.\u00dclds\u00e4tted<\/h2>\n\n\n\n<p>2.1. Piloodikool t\u00e4iendus\u00f5ppe koolituse korraldamise aluseks on t\u00e4iskasvanuhariduse valdkonna \u00f5igusaktid, lennutegevusk\u00e4siraamat ja muud konkreetse koolitusega seonduvad regulatsioonid.<\/p>\n\n\n\n<p>2.2. \u00d5pe toimub vastavalt Koolitusjuhi ja TRAM poolt kinnitatud koolitusprogrammile.<\/p>\n\n\n\n<p>2.3. \u00d5ppet\u00f6\u00f6 toimub kursustena. Kursuse maht on m\u00e4\u00e4ratud koolitusk\u00e4siraamatus v\u00f5i koolitusprogrammis. Teooriatundide ja praktilise \u00f5ppe mahtu arvestatakse astronoomilistes tundides (1 tund on 60 minutit).<\/p>\n\n\n\n<p>2.4. Vastavalt l\u00e4bitavale koolitusele kasutatakse kontakt\u00f5ppe v\u00f5i kaug\u00f5ppe vormi. Praktiline t\u00f6\u00f6 viiakse alati l\u00e4bi kontakt\u00f5ppe vormis.<\/p>\n\n\n\n<p>2.5. S\u00f5ltuvalt kursusest ja \u00f5pilaste arvust v\u00f5ib \u00f5ppet\u00f6\u00f6 toimuda nii grupi\u00f5ppena kui ka individuaal\u00f5ppe korras.<\/p>\n\n\n\n<p>2.6. Piloodikool ATO sisekorra eeskirjade mittet\u00e4itmisel on kooli esindajal \u00f5igus kursuslane koolituselt k\u00f5rvaldada.<\/p>\n\n\n\n<h2 class=\"wp-block-heading\">3. \u00d5ppija staatus, \u00f5igused ja kohustused<\/h2>\n\n\n\n<p>3.1. \u00d5ppija arvatakse kursusel osalejaks \u00f5pilase avalduse ja koolitusjuhi v\u00f5i vastutava juhi otsusel.<\/p>\n\n\n\n<p>3.2. Kursuslasel on \u00f5igus:<\/p>\n\n\n\n<p>i) tutvuda vastava kursuse koolitusprogrammiga<\/p>\n\n\n\n<p>ii) saada \u00f5pet vastavalt kehtivale koolitusprogrammile<\/p>\n\n\n\n<p>iii) saada koolituse sisu ja korraldust puudutavat informatsiooni<\/p>\n\n\n\n<p>iv) saada etten\u00e4htud koolitusmaterjale<\/p>\n\n\n\n<p>v) saada p\u00e4rast koolituse edukat l\u00e4bimist sellekohane tunnistus<\/p>\n\n\n\n<p>vi) saada t\u00f5end kursuse osalise l\u00e4bimise kohta, kui ei \u00f5nnestu kursust t\u00e4ies mahus l\u00e4bida v\u00f5i kursuslane esitab taas esitavas vormis avalduse kursuse katkestamise kohta.<\/p>\n\n\n\n<p>3.3. Kursuslane on kohustatud:<\/p>\n\n\n\n<p>i) kursuse asumise avaldusel kinnitama allkirjaga sisekorraeeskirjaga tutvumist<\/p>\n\n\n\n<p>ii) t\u00e4itma OM ja koolitusprogrammi n\u00f5udeid, praktikaseadme k\u00e4siraamatu n\u00f5udeid, lennukooli sisekorra eeskirju, t\u00f6\u00f6tervishoiu ja t\u00f6\u00f6ohutusjuhendeid ning tuleohutuse juhendit<\/p>\n\n\n\n<p>iii) h\u00e4daolukorras tegutsema vastavalt eeskirjadele ja\/v\u00f5i kooli t\u00f6\u00f6taja korraldustele<\/p>\n\n\n\n<p>iv) hoidma korras tema kasutuses olevad \u00f5ppevahendid ja turvavarustuse<\/p>\n\n\n\n<p>v ) osalema koolitusel v\u00e4hemalt kursusel etten\u00e4htud miinimummahus<\/p>\n\n\n\n<p>vi) teavitama \u00f5ppet\u00f6\u00f6d segavatest asjaoludest koheselt \u00f5ppej\u00f5udu\/instruktorit v\u00f5i lennukooli koolitusjuhti<\/p>\n\n\n\n<p>vii) teatama esimesel v\u00f5imalusel koolitusest mitteosalemisest, puudumisest v\u00f5i katkestamisest<\/p>\n\n\n\n<p>viii) t\u00e4itma koolituse tagasisidelehe<\/p>\n\n\n\n<p>ix) k\u00e4ituma vastavalt \u00fcldtunnustatud k\u00f5lblusnormidele.<\/p>\n\n\n\n<h2 class=\"wp-block-heading\">4. Vastuv\u00f5tu kord<\/h2>\n\n\n\n<p>4.1. Kursustele asumisel tuleb eelnevalt registreerida esitades kursusele asumise avalduse, kas e-posti teel (info@piloodikool.ee) v\u00f5i aadressil Sepise 1, Tallinn.<\/p>\n\n\n\n<p>4.2. Kursusele registreerimise soovile vastatakse \u00fcldjuhul e-posti v\u00f5i telefoni teel hiljemalt \u00fche n\u00e4dala jooksul.<\/p>\n\n\n\n<p>4.3. \u00d5igeaegselt koolitusele mitteilmunud kursuslase v\u00f5ib koolituse l\u00e4biviija kursusel osalejate nimekirjast kustutada.<\/p>\n\n\n\n<p>4.4. Kursusele vastuv\u00f5tu tingimused, mis peavad olema t\u00e4idetud, on v\u00e4lja toodud vastava kursuse koolitusk\u00e4siraamatus v\u00f5i \u2013programmis. Kool v\u00f5ib omalt poolt kehtestada lisatingimusi s\u00f5ltuvalt kursuse iseloomust.<\/p>\n\n\n\n<p>4.5. Tasulistest kursustest v\u00f5ivad osa v\u00f5tta k\u00f5ik kursuse tingimustele vastavad kandidaadid, kelle kursuse tasu on tasutud.<\/p>\n\n\n\n<h2 class=\"wp-block-heading\">5. Kursuse eest tasumise ja tagastamise kord<\/h2>\n\n\n\n<p>5.1. Kursuse eest tasumine toimub arve alusel. Arve saadetakse e-posti teel.<\/p>\n\n\n\n<p>5.2. Teoori\u00f5ppe osa kursuse tasust tuleb tasuda enne kursuse algust. Lennupraktika osa kursuse tasust tuleb tasuda minimaalselt kord kuus vastavalt tegelikult l\u00e4bitud kursuse mahust. Kursuslane tagab arve tasumise arvel m\u00e4rgitud t\u00e4htajaks.<\/p>\n\n\n\n<p>5.3. Kursuslane tagab arve tasumise arvel m\u00e4rgitud t\u00e4htajaks.<\/p>\n\n\n\n<p>5.4. Arve etten\u00e4htud t\u00e4htajaks tasumata j\u00e4tmisel on koolil \u00f5igus kursuslast koolitusele mitte lubada.<\/p>\n\n\n\n<p>5.5. Makset\u00e4htaja \u00fcletamisel ja hoolimata meeldetuletustest on koolil \u00f5igus algatada maksek\u00e4su kiirmenetlus.<\/p>\n\n\n\n<p>5.6. Piloodikool ATO koolituse eest makstud \u00f5ppetasu on f\u00fc\u00fcsilisest isikust koolituse eest tasunud kursuslasel \u00f5igus n\u00e4idata tuludeklaratsioonis koolituskuluna vastavalt tulumaksuseaduse \u00a726-le.<\/p>\n\n\n\n<p>5.7. Registreeritud kursuse, mille eest on tasutud, \u00f5ppetasu tagastamine toimub ainult Piloodikool ATO poolt t\u00fchistatud kursuse v\u00f5i Piloodikool ATO poolt p\u00f5hjustatud katkestamise korral vastavalt kursuse l\u00e4bimata osa ulatuses kokkuleppel.<\/p>\n\n\n\n<h2 class=\"wp-block-heading\">6. Kursusest loobumine v\u00f5i katkestamine<\/h2>\n\n\n\n<p>6.1. Kursusele registreerunul kursusest loobumise korral, tuleb sellest teavitada Piloodikool ATOd e-posti teel v\u00f5i aadressil Sepise 1, Tallinn.<\/p>\n\n\n\n<p>6.2. Kursuslane, kes soovib kursuse katkestada, tuleb sellest esimesel v\u00f5imalusel teavitada Piloodikool ATOd e-posti v\u00f5i telefoni teel.<\/p>\n\n\n\n<h2 class=\"wp-block-heading\">7. Kursuselt v\u00e4ljaarvamise kord<\/h2>\n\n\n\n<p>7.1. Koolitusjuht v\u00f5ib kursuslase j\u00e4rgmistel juhtudel kursuselt v\u00e4lja arvata:<\/p>\n\n\n\n<p>i) koolituselt puudumine<\/p>\n\n\n\n<p>ii) ebav\u00e4\u00e4rikas k\u00e4itumine<\/p>\n\n\n\n<p>iii) kursuse eest tasumata j\u00e4tmine<\/p>\n\n\n\n<p>iv) OM ja koolitusprogrammi n\u00f5uete eiramine<\/p>\n\n\n\n<h2 class=\"wp-block-heading\">8. Kursuse l\u00f5petamine<\/h2>\n\n\n\n<p>8.1. Kursuse l\u00f5petamise tingimused on s\u00e4testatud koolitusprogrammis. \u00d5piv\u00e4ljundid omandanud ja hindamise l\u00e4binud \u00f5ppijale v\u00e4ljastatakse tunnistus.<\/p>\n\n\n\n<p>8.2. Kursuse katkestanud \u00f5ppijale v\u00e4ljastatakse avalduse alusel t\u00f5end l\u00e4bitud kursuse kohta ja kokkuv\u00f5te l\u00e4bitud lennupraktika kohta.<\/p>\n\n\n\n<h2 class=\"wp-block-heading\">9. Vaidluste lahendamise kord<\/h2>\n\n\n\n<p>9.1. Kaebused tuleb esitada kirjalikus vormis Koolitusjuhile e-posti teel v\u00f5i aadressil Sepise 1, Tallinn.<\/p>\n\n\n\n<p>9.2. Ettepanekuid ja kaebusi, millel soovitakse vastust tuleb esitada ainult kirjalikus vormis.<\/p>\n\n\n\n<p>9.3. K\u00f5igile kirjalikult esitatud ettepanekutele ja kaebustele vastatakse m\u00f5istliku aja jooksul, kuid mitte hiljem kui 15 p\u00e4eva m\u00f6\u00f6dudes ettepaneku v\u00f5i kaebuse registreerimisest. Ettepanekuid v\u00f5i kaebusi menetleb Piloodikool ATO Koolitusjuht koos asjasse puutuvate isikutega.<\/p>\n\n\n\n<p>9.4. K\u00f5ik kirjalikult esitatud kaebused ja ohutusteated registreeritakse.<\/p>\n\n\n\n<p>9.5. Anon\u00fc\u00fcmseid ettepanekuid ja kaebusi ei registreerita.<\/p>\n\n\n\n<p>9.6. Vaidlused, mida pole v\u00f5imalik lahendada l\u00e4bir\u00e4\u00e4kimiste teel, lahendatakse seaduses etten\u00e4htud korras.<\/p>\n\n\n\n<h2 class=\"wp-block-heading\">10. T\u00e4ienduskoolituse kursuste kvaliteedi tagamine<\/h2>\n\n\n\n<p>10.1. T\u00e4iendus\u00f5ppe kursused koostatakse vastavalt TRAM, EASA ning muudele riiklikele ja rahvusvahelistele n\u00f5uetele.<\/p>\n\n\n\n<p>10.2. Kursuse l\u00e4biviimisel l\u00e4htutakse sihtgrupi vajadusest ulatuses, mis ei l\u00e4he vastuollu kursuse koolitusprogrammiga.<\/p>\n\n\n\n<h2 class=\"wp-block-heading\">11. Koolitajate kvaliteedi tagamine<\/h2>\n\n\n\n<p>11.1. \u00d5pet v\u00f5ivad l\u00e4bi viia vastava erialase hariduse ja t\u00f6\u00f6kogemusega spetsialistid, kelle on \u00f5igus l\u00e4bi viia kursuses n\u00f5utud \u00f5pet.<\/p>\n\n\n\n<p>11.2. Kursuse l\u00e4biviijal on kohustuslik omada vastava kursuse l\u00e4bimiseks vajaliku instruktori\/\u00f5petaja p\u00e4devusi.<\/p>\n\n\n\n<p>11.3. Kursusel osalejate hinnangut v\u00f5etakse arvesse instruktori\/\u00f5petaja p\u00e4devuse hindamisel.<\/p>\n\n\n\n<h2 class=\"wp-block-heading\">12. \u00d5ppekeskkonna kvaliteedi tagamine<\/h2>\n\n\n\n<p>12.1. Auditoorseid tunde viiakse l\u00e4bi t\u00e4iskasvanud \u00f5ppijatele sobivalt sisustatud m\u00f6\u00f6bliga ja kaasaegse esitlustehnikaga varustatud klassiruumides.<\/p>\n\n\n\n<p>12.2. Praktiline \u00f5pe toimub vastava simulatsiooniseadmega v\u00f5i sobivat varustust omava \u00f5hus\u00f5idukiga.<\/p>\n\n\n\n<p>12.3. K\u00f5ik ruumid, \u00f5ppetehnika ja \u2013vahendid vastavad t\u00f6\u00f6tervishoiu ja t\u00f6\u00f6ohutuse n\u00f5uetele.<\/p>\n\n\n\n<h2 class=\"wp-block-heading\">13. Koolituse tagasiside kogumise kord<\/h2>\n\n\n\n<p>13.1. Koolituse ajal saadud tagasiside p\u00f5hjal vajadusel viiakse ellu muudatusi koolituse korralduses ja tagada \u00f5ppeprotsessi hea kvaliteet ning klientide rahulolu.<\/p>\n\n\n\n<p>13.2. Kursuse l\u00f5pus annavad osalejad koolituse korralduse, sisu ja koolitajate kohta vabas vormis tagasiside elektroonselt v\u00f5i paberil.<\/p>\n\n\n\n<p>13.3. Tagasiside p\u00f5hjal anal\u00fc\u00fcsib Piloodikool ATO koolitusjuht, kaasates teooriakoolituse juhi ja lennupraktik juhi, koolituse korraldust ning vajadusel t\u00e4iendatakse v\u00f5i parandatakse koolituse korraldust tagamaks koolituse k\u00f5rge kvaliteedi, efektiivne \u00f5ppeprotsess ning kliendi rahulolu.<\/p>\n","protected":false},"excerpt":{"rendered":"<p>1. M\u00f5isted ja l\u00fchendid i) EASA \u2013 Euroopa Lennuohutusamet ii) TRAM \u2013 Transpordiamet iii) Individuaal\u00f5pe \u2013 koolitus toimub vastavalt \u00f5ppija vajadustele koostatud individuaalse \u00f5ppekava alusel iv) Praktiline \u00f5pe \u2013 \u00f5pitud teadmiste ja oskuste rakendamine \u00f5ppekeskkonnas v) Kontakt\u00f5pe \u2013 auditoorses v\u00f5i veebip\u00f5hises \u00f5ppekeskkonnas toimuv \u00f5ppet\u00f6\u00f6, milles osalevad korraga nii \u00fcli\u00f5pilane kui ka \u00f5ppej\u00f5ud, nt loeng, seminar, juhendamine, konsultatsioon vi) Kaug\u00f5pe \u2013&hellip;<\/p>\n","protected":false},"author":1,"featured_media":0,"parent":0,"menu_order":0,"comment_status":"closed","ping_status":"closed","template":"","meta":{"footnotes":""},"class_list":["post-1533","page","type-page","status-publish","hentry"],"_links":{"self":[{"href":"https:\/\/piloodikool.ee\/index.php?rest_route=\/wp\/v2\/pages\/1533","targetHints":{"allow":["GET"]}}],"collection":[{"href":"https:\/\/piloodikool.ee\/index.php?rest_route=\/wp\/v2\/pages"}],"about":[{"href":"https:\/\/piloodikool.ee\/index.php?rest_route=\/wp\/v2\/types\/page"}],"author":[{"embeddable":true,"href":"https:\/\/piloodikool.ee\/index.php?rest_route=\/wp\/v2\/users\/1"}],"replies":[{"embeddable":true,"href":"https:\/\/piloodikool.ee\/index.php?rest_route=%2Fwp%2Fv2%2Fcomments&post=1533"}],"version-history":[{"count":0,"href":"https:\/\/piloodikool.ee\/index.php?rest_route=\/wp\/v2\/pages\/1533\/revisions"}],"wp:attachment":[{"href":"https:\/\/piloodikool.ee\/index.php?rest_route=%2Fwp%2Fv2%2Fmedia&parent=1533"}],"curies":[{"name":"wp","href":"https:\/\/api.w.org\/{rel}","templated":true}]}}