{"id":1538,"date":"2026-01-04T21:44:23","date_gmt":"2026-01-04T21:44:23","guid":{"rendered":"https:\/\/piloodikool.ee\/?page_id=1538"},"modified":"2026-01-04T21:44:23","modified_gmt":"2026-01-04T21:44:23","slug":"muud-koolitused","status":"publish","type":"page","link":"https:\/\/piloodikool.ee\/?page_id=1538","title":{"rendered":"Muud Koolitused"},"content":{"rendered":"\n<div class=\"wp-block-media-text is-stacked-on-mobile\"><figure class=\"wp-block-media-text__media\"><img decoding=\"async\" src=\"https:\/\/piloodikool.ee\/testest\/wp-content\/uploads\/2026\/01\/Screenshot-2026-01-03-at-23.19.55-1024x373.png\" alt=\"\" class=\"wp-image-1540 size-full\"\/><\/figure><div class=\"wp-block-media-text__content\">\n<p><strong>Lennundusjulgestuskoolitus<\/strong><\/p>\n\n\n\n<p>Lennundusjulgestuse veebikursus k\u00e4sitleb  lennundusjulgestust vastavalt ICAO ja Euroopa eeskirjadele. Koolitus vastab M\u00c4\u00c4RUSE (E\u00dc) nr 300\/2008, KOMISJONI M\u00c4\u00c4RUSE (EL) nr 2022\/1174 ja KOMISJONI M\u00c4\u00c4RUSE (E\u00dc) nr 272\/2009 ning otsuse 2010\/774\/EL n\u00f5uetele. Peamised teemad h\u00f5lmavad \u00f5iguslikke n\u00f5udeid, lennujaamade ja \u00f5hus\u00f5idukite turvalisust, pagasik\u00e4itlust, keelatud esemeid, lasti ja post, lennu ajal tehtavaid julgestusmeetmeid ning h\u00e4irivate reisijatega toimetuleku protseduure. Kursus tagab, et lennunduspersonal m\u00f5istab oma kohustusi ja vajalikke meetmeid tsiviillennunduse ebaseadusliku sekkumise v\u00e4ltimiseks. Osalejate arusaamise hindamiseks on lisatud l\u00f5putest.<\/p>\n\n\n\n<p>Koolitus on veebip\u00f5hine ja inglise keeles.<\/p>\n\n\n\n<p>Koolituse maksumus \u20ac 200.00<\/p>\n<\/div><\/div>\n\n\n\n<hr class=\"wp-block-separator has-alpha-channel-opacity\"\/>\n\n\n\n<div class=\"wp-block-media-text has-media-on-the-right is-stacked-on-mobile\"><div class=\"wp-block-media-text__content\">\n<p><strong>Ohutus- ja inimfaktorite koolitus, osa 145 ja lennuk\u00f5lblikkuse korraldus<\/strong><\/p>\n\n\n\n<p>Kombineeritud \u201eOhutus- ja inimfaktorite koolitusel Part-145 ja j\u00e4tkuva lennuk\u00f5lblikkuse juhtimise alal\u201c. <\/p>\n\n\n\n<p>Koolituses k\u00e4sitletakse selliseid teemasid nagu inimfaktor hooldust\u00f6\u00f6des, ohutuskultuur, inimlikud vead, inimv\u00f5imed, t\u00f6\u00f6keskkond, protseduurid, suhtlemine, meeskonnat\u00f6\u00f6 ja professionaalsus. Eesm\u00e4rk on anda lennundustehnika inimfaktorite p\u00f5hiteadmised. Koolitus vastab j\u00e4tkuva lennuk\u00f5lblikkuse m\u00e4\u00e4rus (EL) 1321\/2014, LISA II GM1 145.A.30, muudetud ED otsusega 2022\/011\/R ja LISA Vc GM2 CAMO.A.305(g) ED otsus 2020\/002\/R n\u00f5uetele.<\/p>\n\n\n\n<p>Koolitus on veebip\u00f5hine ja inglise keeles.<\/p>\n\n\n\n<p>Koolituse maksumus \u20ac 350.00<\/p>\n<\/div><figure class=\"wp-block-media-text__media\"><img decoding=\"async\" src=\"https:\/\/piloodikool.ee\/testest\/wp-content\/uploads\/2026\/01\/GPTempDownload-1024x748.jpg\" alt=\"\" class=\"wp-image-1542 size-full\"\/><\/figure><\/div>\n\n\n\n<hr class=\"wp-block-separator has-alpha-channel-opacity\"\/>\n\n\n\n<div class=\"wp-block-media-text is-stacked-on-mobile\"><figure class=\"wp-block-media-text__media\"><\/figure><div class=\"wp-block-media-text__content\">\n<p>Sissejuhatus ohutusjuhtimiss\u00fcsteemi<\/p>\n\n\n\n<p>Ohutusjuhtimiss\u00fcsteemi sissejuhatav kursus aitab \u00f5pilastel ja organisatsioonidel m\u00f5ista ohutusjuhtimiss\u00fcsteemi (SMS) v\u00e4ljat\u00f6\u00f6tamise ja rakendamise funktsiooni, rolli ja olulisust. Osalejad \u00f5pivad, kuidas t\u00f5hus s\u00fcsteem saab organisatsioonis luua positiivse ohutuskultuuri.<\/p>\n\n\n\n<p>AMC1 ORO.GEN.200(a)(4) n\u00f5uete t\u00e4itmiseks loodud koolitus aitab \u00f5pilastel m\u00f5ista SMS-i v\u00e4\u00e4rtust \u00f5nnetuste ennetamisel ja \u00fcldise ohutusn\u00e4itajate parandamisel. Keskendudes sellele, kuidas t\u00f5hus SMS saab organisatsiooni ohutust parandada, h\u00f5lmab see veebikursus peamisi ohutusp\u00f5him\u00f5tteid, -eeskirju ja ohtude juhtimist. <\/p>\n\n\n\n<p>Koolitus on veebip\u00f5hine ja inglise keeles.<\/p>\n\n\n\n<p>Koolituse maksumus \u20ac 200.00<\/p>\n<\/div><\/div>\n\n\n\n<hr class=\"wp-block-separator has-alpha-channel-opacity\"\/>\n\n\n\n<div class=\"wp-block-media-text has-media-on-the-right is-stacked-on-mobile\"><div class=\"wp-block-media-text__content\">\n<p><strong>Meeskonna ressursihaldus (CRM) <\/strong><\/p>\n\n\n\n<p>CRM on lennundusest p\u00e4rit ohutusalane koolitusraamistik, mis parandab meeskonna sooritust, keskendudes mittetehnilistele oskustele nagu suhtlemine, juhtimine, otsuste langetamine ja olukorrateadlikkus, et v\u00e4ltida inimlikke vigu k\u00f5rge riskiga keskkondades, laienedes tervishoiule ja teistele kriitilistele t\u00f6\u00f6stusharudele. See \u00f5petab meeskondi t\u00f5husalt kasutama k\u00f5iki olemasolevaid ressursse, sealhulgas inimtegureid, et tagada ohutu tegevus, edendades avatud suhtlust, meeskonnat\u00f6\u00f6d ja stressijuhtimist.<\/p>\n\n\n\n<p>Koolitus on veebip\u00f5hine ja inglise keeles.<\/p>\n\n\n\n<p>Esmane koolituse maksumus \u20ac 250.00<\/p>\n\n\n\n<p>J\u00e4tku koolituse maksumus \u20ac 200.00<\/p>\n<\/div><figure class=\"wp-block-media-text__media\"><\/figure><\/div>\n\n\n\n<hr class=\"wp-block-separator has-alpha-channel-opacity\"\/>\n\n\n\n<div class=\"wp-block-media-text is-stacked-on-mobile\"><figure class=\"wp-block-media-text__media\"><img decoding=\"async\" src=\"https:\/\/piloodikool.ee\/testest\/wp-content\/uploads\/2026\/01\/DG.jpg\" alt=\"\" class=\"wp-image-1553 size-full\"\/><\/figure><div class=\"wp-block-media-text__content\">\n<p>Ohtlike Kaupade koolitus (DG)<\/p>\n\n\n\n<p>See ohtlike kaupade p\u00e4devusp\u00f5hine transportimise koolitus annab lennufirmade ja lennujaamade t\u00f6\u00f6tajatele olulised oskused ohtlike kaupade k\u00e4itlemiseks vastavalt ICAO, IATA ja lennufirmade n\u00f5uetele. Osalejad saavad teada piiratud ja keelatud esemete, klassifitseerimise, m\u00e4rgistamise, pakendamise ja dokumentatsiooni n\u00f5uete kohta. Erilist t\u00e4helepanu p\u00f6\u00f6ratakse liitiumakudele, meditsiiniseadmetele, ohtlikele ainetele ja liikumisabivahenditele. See koolitus on m\u00f5eldud pagasik\u00e4itlejatele, maapealsele personalile ja lennufirmade t\u00f6\u00f6tajatele ning tagab ohutud ja eeskirjadele vastavad pagasik\u00e4itlemise protseduurid. <\/p>\n\n\n\n<p>Koolitus vastab ICAO ohtlike kaupade ohutu veo tehnilised juhised ja IATA DG eeskirjad 67. v\u00e4ljaanne (2026) n\u00f5uetele.<\/p>\n\n\n\n<p>Koolitus on veebip\u00f5hine ja inglise keeles.<\/p>\n\n\n\n<p>Koolituse maksumus \u20ac 250.00<\/p>\n<\/div><\/div>\n","protected":false},"excerpt":{"rendered":"<p>Lennundusjulgestuskoolitus Lennundusjulgestuse veebikursus k\u00e4sitleb lennundusjulgestust vastavalt ICAO ja Euroopa eeskirjadele. Koolitus vastab M\u00c4\u00c4RUSE (E\u00dc) nr 300\/2008, KOMISJONI M\u00c4\u00c4RUSE (EL) nr 2022\/1174 ja KOMISJONI M\u00c4\u00c4RUSE (E\u00dc) nr 272\/2009 ning otsuse 2010\/774\/EL n\u00f5uetele. Peamised teemad h\u00f5lmavad \u00f5iguslikke n\u00f5udeid, lennujaamade ja \u00f5hus\u00f5idukite turvalisust, pagasik\u00e4itlust, keelatud esemeid, lasti ja post, lennu ajal tehtavaid julgestusmeetmeid ning h\u00e4irivate reisijatega toimetuleku protseduure. Kursus tagab, et lennunduspersonal m\u00f5istab&hellip;<\/p>\n","protected":false},"author":1,"featured_media":0,"parent":0,"menu_order":0,"comment_status":"closed","ping_status":"closed","template":"","meta":{"footnotes":""},"class_list":["post-1538","page","type-page","status-publish","hentry"],"_links":{"self":[{"href":"https:\/\/piloodikool.ee\/index.php?rest_route=\/wp\/v2\/pages\/1538","targetHints":{"allow":["GET"]}}],"collection":[{"href":"https:\/\/piloodikool.ee\/index.php?rest_route=\/wp\/v2\/pages"}],"about":[{"href":"https:\/\/piloodikool.ee\/index.php?rest_route=\/wp\/v2\/types\/page"}],"author":[{"embeddable":true,"href":"https:\/\/piloodikool.ee\/index.php?rest_route=\/wp\/v2\/users\/1"}],"replies":[{"embeddable":true,"href":"https:\/\/piloodikool.ee\/index.php?rest_route=%2Fwp%2Fv2%2Fcomments&post=1538"}],"version-history":[{"count":0,"href":"https:\/\/piloodikool.ee\/index.php?rest_route=\/wp\/v2\/pages\/1538\/revisions"}],"wp:attachment":[{"href":"https:\/\/piloodikool.ee\/index.php?rest_route=%2Fwp%2Fv2%2Fmedia&parent=1538"}],"curies":[{"name":"wp","href":"https:\/\/api.w.org\/{rel}","templated":true}]}}