{"id":418,"date":"2021-04-27T18:11:41","date_gmt":"2021-04-27T18:11:41","guid":{"rendered":"https:\/\/piloodikool.ee\/?page_id=418"},"modified":"2025-12-20T15:38:09","modified_gmt":"2025-12-20T15:38:09","slug":"ettevottest","status":"publish","type":"page","link":"https:\/\/piloodikool.ee\/?page_id=418","title":{"rendered":"ETTEV\u00d5TTEST"},"content":{"rendered":"\n<p class=\"has-text-align-center\">Piloodikooli eesm\u00e4rk on pakkuda kvaliteetset koolitust selleks, et anda vajalikud teadmised ja oskused ohutuks \u00f5hus\u00f5iduki juhtimiseks. Meie visioon koolituste l\u00e4biviimisel on personaalne l\u00e4henemine, \u00f5pilase vajadusi ning soove silmas pidamine, ohutusele suunatud ning r\u00f5\u00f5mu ja naudingut pakkuv \u00f5ppimine.<\/p>\n\n\n\n<p><\/p>\n\n\n\n<h2 class=\"wp-block-heading\" id=\"meie-sertifikaadid\">Meie Sertifikaadid<\/h2>\n\n\n\n<p>Piloodikool on Transpordiameti poolt sertifitseeritud koolitusorganisatsioon EE\/ATO\/009.<\/p>\n\n\n\n<figure class=\"wp-block-gallery has-nested-images columns-default wp-block-gallery-1 is-layout-flex wp-block-gallery-is-layout-flex\">\n<figure class=\"wp-block-image size-full\"><a href=\"https:\/\/piloodikool.ee\/wp-content\/uploads\/2025\/12\/serifikaat.jpg\"><img loading=\"lazy\" decoding=\"async\" width=\"596\" height=\"842\" data-id=\"1521\" src=\"https:\/\/piloodikool.ee\/wp-content\/uploads\/2025\/12\/serifikaat.jpg\" alt=\"\" class=\"wp-image-1521\" srcset=\"https:\/\/piloodikool.ee\/wp-content\/uploads\/2025\/12\/serifikaat.jpg 596w, https:\/\/piloodikool.ee\/wp-content\/uploads\/2025\/12\/serifikaat-212x300.jpg 212w\" sizes=\"auto, (max-width: 596px) 100vw, 596px\" \/><\/a><\/figure>\n\n\n\n<figure class=\"wp-block-image size-full\"><a href=\"https:\/\/piloodikool.ee\/wp-content\/uploads\/2025\/12\/Koolituskursused_0.jpg\"><img loading=\"lazy\" decoding=\"async\" width=\"596\" height=\"842\" data-id=\"1523\" src=\"https:\/\/piloodikool.ee\/wp-content\/uploads\/2025\/12\/Koolituskursused_0.jpg\" alt=\"\" class=\"wp-image-1523\" srcset=\"https:\/\/piloodikool.ee\/wp-content\/uploads\/2025\/12\/Koolituskursused_0.jpg 596w, https:\/\/piloodikool.ee\/wp-content\/uploads\/2025\/12\/Koolituskursused_0-212x300.jpg 212w\" sizes=\"auto, (max-width: 596px) 100vw, 596px\" \/><\/a><\/figure>\n\n\n\n<figure class=\"wp-block-image size-full\"><a href=\"https:\/\/piloodikool.ee\/wp-content\/uploads\/2025\/12\/Koolituskursused_1.jpg\"><img loading=\"lazy\" decoding=\"async\" width=\"596\" height=\"842\" data-id=\"1524\" src=\"https:\/\/piloodikool.ee\/wp-content\/uploads\/2025\/12\/Koolituskursused_1.jpg\" alt=\"\" class=\"wp-image-1524\" srcset=\"https:\/\/piloodikool.ee\/wp-content\/uploads\/2025\/12\/Koolituskursused_1.jpg 596w, https:\/\/piloodikool.ee\/wp-content\/uploads\/2025\/12\/Koolituskursused_1-212x300.jpg 212w\" sizes=\"auto, (max-width: 596px) 100vw, 596px\" \/><\/a><\/figure>\n<\/figure>\n\n\n\n<h2 class=\"wp-block-heading\" id=\"meie-meeskond\">Meie Meeskond<\/h2>\n\n\n\n<div class=\"wp-block-group\"><div class=\"wp-block-group__inner-container is-layout-flow wp-block-group-is-layout-flow\">\n<div class=\"wp-block-cover aligncenter has-custom-content-position is-position-bottom-left\" style=\"min-height:100vh;aspect-ratio:unset;\"><img loading=\"lazy\" decoding=\"async\" width=\"2249\" height=\"2042\" class=\"wp-block-cover__image-background wp-image-955\" alt=\"\" src=\"https:\/\/piloodikool.ee\/wp-content\/uploads\/2021\/04\/IMG_7322-scaled-e1619426373246.jpg\" data-object-fit=\"cover\" srcset=\"https:\/\/piloodikool.ee\/wp-content\/uploads\/2021\/04\/IMG_7322-scaled-e1619426373246.jpg 2249w, https:\/\/piloodikool.ee\/wp-content\/uploads\/2021\/04\/IMG_7322-scaled-e1619426373246-300x272.jpg 300w, https:\/\/piloodikool.ee\/wp-content\/uploads\/2021\/04\/IMG_7322-scaled-e1619426373246-1024x930.jpg 1024w, https:\/\/piloodikool.ee\/wp-content\/uploads\/2021\/04\/IMG_7322-scaled-e1619426373246-768x697.jpg 768w, https:\/\/piloodikool.ee\/wp-content\/uploads\/2021\/04\/IMG_7322-scaled-e1619426373246-1536x1395.jpg 1536w, https:\/\/piloodikool.ee\/wp-content\/uploads\/2021\/04\/IMG_7322-scaled-e1619426373246-2048x1860.jpg 2048w, https:\/\/piloodikool.ee\/wp-content\/uploads\/2021\/04\/IMG_7322-scaled-e1619426373246-800x726.jpg 800w\" sizes=\"auto, (max-width: 2249px) 100vw, 2249px\" \/><span aria-hidden=\"true\" class=\"wp-block-cover__background has-background-dim-100 has-background-dim wp-block-cover__gradient-background has-background-gradient\" style=\"background:linear-gradient(90deg,rgb(255,255,255) 30%,rgba(107,0,62,0) 69%)\"><\/span><div class=\"wp-block-cover__inner-container is-layout-flow wp-block-cover-is-layout-flow\">\n<figure class=\"wp-block-image size-large is-resized is-style-default\"><img loading=\"lazy\" decoding=\"async\" width=\"1024\" height=\"150\" src=\"https:\/\/piloodikool.ee\/wp-content\/uploads\/2021\/04\/Screenshot-2021-04-24-at-12.52.38-3-1024x150.png\" alt=\"\" class=\"wp-image-971\" style=\"width:137px;height:20px\" srcset=\"https:\/\/piloodikool.ee\/wp-content\/uploads\/2021\/04\/Screenshot-2021-04-24-at-12.52.38-3-1024x150.png 1024w, https:\/\/piloodikool.ee\/wp-content\/uploads\/2021\/04\/Screenshot-2021-04-24-at-12.52.38-3-300x44.png 300w, https:\/\/piloodikool.ee\/wp-content\/uploads\/2021\/04\/Screenshot-2021-04-24-at-12.52.38-3-768x112.png 768w, https:\/\/piloodikool.ee\/wp-content\/uploads\/2021\/04\/Screenshot-2021-04-24-at-12.52.38-3-1536x225.png 1536w, https:\/\/piloodikool.ee\/wp-content\/uploads\/2021\/04\/Screenshot-2021-04-24-at-12.52.38-3-2048x300.png 2048w, https:\/\/piloodikool.ee\/wp-content\/uploads\/2021\/04\/Screenshot-2021-04-24-at-12.52.38-3-800x117.png 800w\" sizes=\"auto, (max-width: 1024px) 100vw, 1024px\" \/><\/figure>\n\n\n\n<p><\/p>\n\n\n\n<p class=\"has-black-color has-text-color\">Armin on Transpordiameti poolt <\/p>\n\n\n\n<p class=\"has-black-color has-text-color\">sertifitseeritud lennuinstruktor kopteritel (FI(H)) <\/p>\n\n\n\n<p class=\"has-black-color has-text-color\">ja lennukitel (FI(A)) ning tunnustatud <\/p>\n\n\n\n<p class=\"has-black-color has-text-color\">kontrollpiloot kopteritel (FE(H)\/TRE(H)).<\/p>\n\n\n\n<p class=\"has-black-color has-text-color\">15 aasta jooksul on ta lennanud \u00fcle <\/p>\n\n\n\n<p class=\"has-black-color has-text-color\">2600 lennutunni ligikaudu 20 erinevat<\/p>\n\n\n\n<p class=\"has-black-color has-text-color\">t\u00fc\u00fcpi lennuki ja kopteriga. <\/p>\n\n\n\n<p class=\"has-black-color has-text-color\">Nendest k\u00f5ige s\u00fcdamel\u00e4hedasemad on Arminile <\/p>\n\n\n\n<p class=\"has-black-color has-text-color\"> Westland Lynx&nbsp;kopter, millega on sooritatud <\/p>\n\n\n\n<p class=\"has-black-color has-text-color\"> kopterite lennukiiruse maailmarekord ja <\/p>\n\n\n\n<p class=\"has-black-color has-text-color\">lendamine vesilennukiga. <\/p>\n\n\n\n<p class=\"has-black-color has-text-color\">Piloodikoolis on Armin koolitusjuht ja <\/p>\n\n\n\n<p class=\"has-black-color has-text-color\">teooria ning lennupraktika \u00f5petaja.<\/p>\n\n\n\n<p><\/p>\n<\/div><\/div>\n<\/div><\/div>\n\n\n\n<hr class=\"wp-block-separator has-css-opacity is-style-wide\"\/>\n\n\n\n<div class=\"wp-block-cover has-custom-content-position is-position-bottom-left\" style=\"min-height:100vh;aspect-ratio:unset;\"><img loading=\"lazy\" decoding=\"async\" width=\"2302\" height=\"1884\" class=\"wp-block-cover__image-background wp-image-956\" alt=\"\" src=\"https:\/\/piloodikool.ee\/wp-content\/uploads\/2021\/04\/IMG_7330-scaled-e1619426342279.jpg\" style=\"object-position:51% 41%\" data-object-fit=\"cover\" data-object-position=\"51% 41%\" srcset=\"https:\/\/piloodikool.ee\/wp-content\/uploads\/2021\/04\/IMG_7330-scaled-e1619426342279.jpg 2302w, https:\/\/piloodikool.ee\/wp-content\/uploads\/2021\/04\/IMG_7330-scaled-e1619426342279-300x246.jpg 300w, https:\/\/piloodikool.ee\/wp-content\/uploads\/2021\/04\/IMG_7330-scaled-e1619426342279-1024x838.jpg 1024w, https:\/\/piloodikool.ee\/wp-content\/uploads\/2021\/04\/IMG_7330-scaled-e1619426342279-768x629.jpg 768w, https:\/\/piloodikool.ee\/wp-content\/uploads\/2021\/04\/IMG_7330-scaled-e1619426342279-1536x1257.jpg 1536w, https:\/\/piloodikool.ee\/wp-content\/uploads\/2021\/04\/IMG_7330-scaled-e1619426342279-2048x1676.jpg 2048w, https:\/\/piloodikool.ee\/wp-content\/uploads\/2021\/04\/IMG_7330-scaled-e1619426342279-800x655.jpg 800w\" sizes=\"auto, (max-width: 2302px) 100vw, 2302px\" \/><span aria-hidden=\"true\" class=\"wp-block-cover__background has-background-dim-100 has-background-dim wp-block-cover__gradient-background has-background-gradient\" style=\"background:linear-gradient(90deg,rgb(255,255,255) 33%,rgba(155,82,224,0) 55%)\"><\/span><div class=\"wp-block-cover__inner-container is-layout-flow wp-block-cover-is-layout-flow\">\n<figure class=\"wp-block-image size-large is-resized is-style-default\"><img loading=\"lazy\" decoding=\"async\" width=\"1024\" height=\"108\" src=\"https:\/\/piloodikool.ee\/wp-content\/uploads\/2021\/04\/Screenshot-2021-04-26-at-10.35.35-1024x108.png\" alt=\"\" class=\"wp-image-1017\" style=\"width:190px;height:20px\" srcset=\"https:\/\/piloodikool.ee\/wp-content\/uploads\/2021\/04\/Screenshot-2021-04-26-at-10.35.35-1024x108.png 1024w, https:\/\/piloodikool.ee\/wp-content\/uploads\/2021\/04\/Screenshot-2021-04-26-at-10.35.35-300x32.png 300w, https:\/\/piloodikool.ee\/wp-content\/uploads\/2021\/04\/Screenshot-2021-04-26-at-10.35.35-768x81.png 768w, https:\/\/piloodikool.ee\/wp-content\/uploads\/2021\/04\/Screenshot-2021-04-26-at-10.35.35-1536x162.png 1536w, https:\/\/piloodikool.ee\/wp-content\/uploads\/2021\/04\/Screenshot-2021-04-26-at-10.35.35-2048x216.png 2048w, https:\/\/piloodikool.ee\/wp-content\/uploads\/2021\/04\/Screenshot-2021-04-26-at-10.35.35-800x84.png 800w\" sizes=\"auto, (max-width: 1024px) 100vw, 1024px\" \/><\/figure>\n\n\n\n<p><\/p>\n\n\n\n<p class=\"has-black-color has-text-color\">Martin on Transpordiameti poolt <\/p>\n\n\n\n<p class=\"has-black-color has-text-color\">tunnustatud kontrollpiloot (FE(H)\/TRE(H)) ja <\/p>\n\n\n\n<p class=\"has-black-color has-text-color\">sertifitseeritud lennuinstruktor kopteritel (FI(H)).<\/p>\n\n\n\n<p class=\"has-black-color has-text-color\">Ta on lennanud \u00fcle 3000 lennutunni erinevat<\/p>\n\n\n\n<p class=\"has-black-color has-text-color\">t\u00fc\u00fcpi kopteritega. K\u00f5ige meeldej\u00e4\u00e4vam kopter<\/p>\n\n\n\n<p class=\"has-black-color has-text-color\">Martinile on Black Hawk t\u00fc\u00fcpi kopter, <\/p>\n\n\n\n<p class=\"has-black-color has-text-color\">mis on tuntud filmist Black Hawk Down. <\/p>\n\n\n\n<p class=\"has-black-color has-text-color\">Piloodikoolis on ta lennupraktika juht.<\/p>\n<\/div><\/div>\n\n\n\n<hr class=\"wp-block-separator has-css-opacity is-style-wide\"\/>\n\n\n\n<div class=\"wp-block-cover has-custom-content-position is-position-bottom-left\" style=\"min-height:100vh;aspect-ratio:unset;\"><img loading=\"lazy\" decoding=\"async\" width=\"1653\" height=\"1746\" class=\"wp-block-cover__image-background wp-image-1128\" alt=\"\" src=\"https:\/\/piloodikool.ee\/wp-content\/uploads\/2021\/08\/Lauri-1-scaled-e1629363161610.jpeg\" style=\"object-position:62% 0%\" data-object-fit=\"cover\" data-object-position=\"62% 0%\" srcset=\"https:\/\/piloodikool.ee\/wp-content\/uploads\/2021\/08\/Lauri-1-scaled-e1629363161610.jpeg 1653w, https:\/\/piloodikool.ee\/wp-content\/uploads\/2021\/08\/Lauri-1-scaled-e1629363161610-284x300.jpeg 284w, https:\/\/piloodikool.ee\/wp-content\/uploads\/2021\/08\/Lauri-1-scaled-e1629363161610-969x1024.jpeg 969w, https:\/\/piloodikool.ee\/wp-content\/uploads\/2021\/08\/Lauri-1-scaled-e1629363161610-768x811.jpeg 768w, https:\/\/piloodikool.ee\/wp-content\/uploads\/2021\/08\/Lauri-1-scaled-e1629363161610-1454x1536.jpeg 1454w, https:\/\/piloodikool.ee\/wp-content\/uploads\/2021\/08\/Lauri-1-scaled-e1629363161610-800x845.jpeg 800w\" sizes=\"auto, (max-width: 1653px) 100vw, 1653px\" \/><span aria-hidden=\"true\" class=\"wp-block-cover__background has-background-dim-100 has-background-dim wp-block-cover__gradient-background has-background-gradient\" style=\"background:linear-gradient(90deg,rgb(255,255,255) 34%,rgba(155,82,224,0) 55%)\"><\/span><div class=\"wp-block-cover__inner-container is-layout-flow wp-block-cover-is-layout-flow\">\n<figure class=\"wp-block-image size-large is-resized is-style-default\"><img loading=\"lazy\" decoding=\"async\" width=\"1024\" height=\"109\" src=\"https:\/\/piloodikool.ee\/wp-content\/uploads\/2021\/08\/Screenshot-2021-08-19-at-11.47.19-1024x109.png\" alt=\"\" class=\"wp-image-1131\" style=\"width:190px;height:20px\" srcset=\"https:\/\/piloodikool.ee\/wp-content\/uploads\/2021\/08\/Screenshot-2021-08-19-at-11.47.19-1024x109.png 1024w, https:\/\/piloodikool.ee\/wp-content\/uploads\/2021\/08\/Screenshot-2021-08-19-at-11.47.19-300x32.png 300w, https:\/\/piloodikool.ee\/wp-content\/uploads\/2021\/08\/Screenshot-2021-08-19-at-11.47.19-768x82.png 768w, https:\/\/piloodikool.ee\/wp-content\/uploads\/2021\/08\/Screenshot-2021-08-19-at-11.47.19-1536x163.png 1536w, https:\/\/piloodikool.ee\/wp-content\/uploads\/2021\/08\/Screenshot-2021-08-19-at-11.47.19-800x85.png 800w, https:\/\/piloodikool.ee\/wp-content\/uploads\/2021\/08\/Screenshot-2021-08-19-at-11.47.19.png 1590w\" sizes=\"auto, (max-width: 1024px) 100vw, 1024px\" \/><\/figure>\n\n\n\n<p><\/p>\n\n\n\n<p class=\"has-black-color has-text-color\">Lauri on Transpordiameti poolt <\/p>\n\n\n\n<p class=\"has-black-color has-text-color\">tunnustatud \u00f5hus\u00f5iduki insener.<\/p>\n\n\n\n<p class=\"has-black-color has-text-color\">Ta on hooldanud erinevat<\/p>\n\n\n\n<p class=\"has-black-color has-text-color\">t\u00fc\u00fcpi koptereid ja lennukeid \u00fcle 10 aasta. <\/p>\n\n\n\n<p class=\"has-black-color has-text-color\">Lendamisega tegeleb Lauri vabal ajal, kas <\/p>\n\n\n\n<p class=\"has-black-color has-text-color\">lohe taltsutades v\u00f5i lennuki roolis.  <\/p>\n\n\n\n<p class=\"has-black-color has-text-color\">Piloodikoolis \u00f5petab Lauri \u00f5hus\u00f5iduki ehitust<\/p>\n\n\n\n<p class=\"has-black-color has-text-color\">kopteritel ja lennukitel. <\/p>\n<\/div><\/div>\n\n\n\n<hr class=\"wp-block-separator has-css-opacity is-style-wide\"\/>\n\n\n\n<div class=\"wp-block-cover is-light has-custom-content-position is-position-bottom-left\" style=\"min-height:100vh;aspect-ratio:unset;\"><span aria-hidden=\"true\" class=\"wp-block-cover__background has-background-dim has-background-gradient\" style=\"background-color:#FFF;background:linear-gradient(90deg,rgb(255,255,255) 34%,rgba(155,82,224,0) 55%)\"><\/span><div class=\"wp-block-cover__inner-container is-layout-flow wp-block-cover-is-layout-flow\">\n<figure class=\"wp-block-image size-large is-resized is-style-default\"><img loading=\"lazy\" decoding=\"async\" width=\"1024\" height=\"104\" src=\"https:\/\/piloodikool.ee\/wp-content\/uploads\/2022\/11\/Mario-1024x104.png\" alt=\"\" class=\"wp-image-1418\" style=\"width:190px;height:20px\" srcset=\"https:\/\/piloodikool.ee\/wp-content\/uploads\/2022\/11\/Mario-1024x104.png 1024w, https:\/\/piloodikool.ee\/wp-content\/uploads\/2022\/11\/Mario-300x30.png 300w, https:\/\/piloodikool.ee\/wp-content\/uploads\/2022\/11\/Mario-768x78.png 768w, https:\/\/piloodikool.ee\/wp-content\/uploads\/2022\/11\/Mario-1536x156.png 1536w, https:\/\/piloodikool.ee\/wp-content\/uploads\/2022\/11\/Mario-2048x208.png 2048w, https:\/\/piloodikool.ee\/wp-content\/uploads\/2022\/11\/Mario-800x81.png 800w\" sizes=\"auto, (max-width: 1024px) 100vw, 1024px\" \/><\/figure>\n\n\n\n<p><\/p>\n\n\n\n<p>Mario on Transpordiameti poolt<\/p>\n\n\n\n<p>sertifitseeritud lennuinstruktor lennukitel (FI(A))<\/p>\n\n\n\n<p>ja suurte kogemustega teooriakoolituse instruktor.&nbsp;<\/p>\n\n\n\n<p>Lisaks Piloodikoolile \u00f5petab Mario <\/p>\n\n\n\n<p>erinevaid teooria \u00f5ppeaineid&nbsp;<\/p>\n\n\n\n<p>ka ametipilootidele Eesti Lennuakadeemias.<\/p>\n\n\n\n<p>Piloodikoolis on Mario teooria ning <\/p>\n\n\n\n<p>lennupraktika \u00f5petaja lennukitel.<\/p>\n<\/div><\/div>\n","protected":false},"excerpt":{"rendered":"<p>Piloodikooli eesm\u00e4rk on pakkuda kvaliteetset koolitust selleks, et anda vajalikud teadmised ja oskused ohutuks \u00f5hus\u00f5iduki juhtimiseks. Meie visioon koolituste l\u00e4biviimisel on personaalne l\u00e4henemine, \u00f5pilase vajadusi ning soove silmas pidamine, ohutusele suunatud ning r\u00f5\u00f5mu ja naudingut pakkuv \u00f5ppimine. Meie Sertifikaadid Piloodikool on Transpordiameti poolt sertifitseeritud koolitusorganisatsioon EE\/ATO\/009. Meie Meeskond<\/p>\n","protected":false},"author":1,"featured_media":0,"parent":0,"menu_order":0,"comment_status":"closed","ping_status":"closed","template":"","meta":{"footnotes":""},"class_list":["post-418","page","type-page","status-publish","hentry"],"_links":{"self":[{"href":"https:\/\/piloodikool.ee\/index.php?rest_route=\/wp\/v2\/pages\/418","targetHints":{"allow":["GET"]}}],"collection":[{"href":"https:\/\/piloodikool.ee\/index.php?rest_route=\/wp\/v2\/pages"}],"about":[{"href":"https:\/\/piloodikool.ee\/index.php?rest_route=\/wp\/v2\/types\/page"}],"author":[{"embeddable":true,"href":"https:\/\/piloodikool.ee\/index.php?rest_route=\/wp\/v2\/users\/1"}],"replies":[{"embeddable":true,"href":"https:\/\/piloodikool.ee\/index.php?rest_route=%2Fwp%2Fv2%2Fcomments&post=418"}],"version-history":[{"count":0,"href":"https:\/\/piloodikool.ee\/index.php?rest_route=\/wp\/v2\/pages\/418\/revisions"}],"wp:attachment":[{"href":"https:\/\/piloodikool.ee\/index.php?rest_route=%2Fwp%2Fv2%2Fmedia&parent=418"}],"curies":[{"name":"wp","href":"https:\/\/api.w.org\/{rel}","templated":true}]}}