{"id":59,"date":"2020-04-12T20:26:24","date_gmt":"2020-04-12T20:26:24","guid":{"rendered":"https:\/\/piloodikool.ee\/?page_id=59"},"modified":"2025-12-20T15:39:23","modified_gmt":"2025-12-20T15:39:23","slug":"tutvustus","status":"publish","type":"page","link":"https:\/\/piloodikool.ee\/?page_id=59","title":{"rendered":"KOOLITUSED"},"content":{"rendered":"\n<div class=\"wp-block-group alignfull\"><div class=\"wp-block-group__inner-container is-layout-flow wp-block-group-is-layout-flow\">\n<div class=\"wp-block-group\"><div class=\"wp-block-group__inner-container is-layout-flow wp-block-group-is-layout-flow\"><\/div><\/div>\n\n\n\n<p>Pakume allj\u00e4rgnevaid Transpordiametis sertifitseeritud lennukoolitusi.<\/p>\n\n\n\n<div class=\"wp-block-group\"><div class=\"wp-block-group__inner-container is-layout-flow wp-block-group-is-layout-flow\"><\/div><\/div>\n\n\n\n<div class=\"wp-block-media-text alignwide is-stacked-on-mobile\"><figure class=\"wp-block-media-text__media\"><img loading=\"lazy\" decoding=\"async\" width=\"1024\" height=\"862\" src=\"https:\/\/piloodikool.ee\/wp-content\/uploads\/2020\/05\/image28-1024x862.jpeg\" alt=\"\" class=\"wp-image-596 size-full\" srcset=\"https:\/\/piloodikool.ee\/wp-content\/uploads\/2020\/05\/image28-1024x862.jpeg 1024w, https:\/\/piloodikool.ee\/wp-content\/uploads\/2020\/05\/image28-300x253.jpeg 300w, https:\/\/piloodikool.ee\/wp-content\/uploads\/2020\/05\/image28-768x647.jpeg 768w, https:\/\/piloodikool.ee\/wp-content\/uploads\/2020\/05\/image28-800x674.jpeg 800w, https:\/\/piloodikool.ee\/wp-content\/uploads\/2020\/05\/image28.jpeg 1122w\" sizes=\"auto, (max-width: 1024px) 100vw, 1024px\" \/><\/figure><div class=\"wp-block-media-text__content\">\n<p class=\"has-large-font-size\">Algkoolitused<\/p>\n\n\n\n<ul class=\"wp-block-list\">\n<li>Erapiloodi teooria kursus kopterile (PPL(H))<\/li>\n\n\n\n<li>Erapiloodi teooria kursus lennukile (PPL(A))<\/li>\n\n\n\n<li>Erapiloodi teooria kursus kopterile ja lennukile (PPL(A ja H))<\/li>\n\n\n\n<li>Erapiloodi lennupraktika lennukil (PPL(A))<\/li>\n\n\n\n<li>Erapiloodi lennupraktika kopteril (PPL(H))<\/li>\n<\/ul>\n\n\n\n<p><strong><a href=\"https:\/\/piloodikool.ee\/?page_id=547\">Vaata t\u00e4psemalt siit<\/a><\/strong><\/p>\n<\/div><\/div>\n\n\n\n<div class=\"wp-block-group\"><div class=\"wp-block-group__inner-container is-layout-flow wp-block-group-is-layout-flow\">\n<div class=\"wp-block-columns is-layout-flex wp-container-core-columns-is-layout-9d6595d7 wp-block-columns-is-layout-flex\">\n<div class=\"wp-block-column is-layout-flow wp-block-column-is-layout-flow\" style=\"flex-basis:100%\"><\/div>\n<\/div>\n<\/div><\/div>\n\n\n\n<div class=\"wp-block-media-text alignwide has-media-on-the-right is-stacked-on-mobile is-vertically-aligned-center\" style=\"grid-template-columns:auto 45%\"><div class=\"wp-block-media-text__content\">\n<p class=\"has-very-dark-gray-color has-text-color has-large-font-size\">T\u00e4iendkoolitused<\/p>\n\n\n\n<ul class=\"wp-block-list\">\n<li>\u00d6\u00f6lennukoolitus kopteril \/ NR(H)<\/li>\n\n\n\n<li>\u00d6\u00f6lennukoolitus lennukil \/ NR(A)<\/li>\n\n\n\n<li>Treeninglennud h\u00e4da- ja eriolukordade harjutamiseks<\/li>\n\n\n\n<li>Kopteri erapiloodi teooria \u00fcmber\u00f5ppe kursus lennukile (PPL(A) teooria \u00fcmber\u00f5pe PPL(H) omanikule)<\/li>\n\n\n\n<li>Lennuki erapiloodi teooria \u00fcmber\u00f5ppe kursus kopterile (PPL(H) teooria \u00fcmber\u00f5pe PPL(A) omanikule)<\/li>\n<\/ul>\n\n\n\n<p class=\"has-very-dark-gray-color has-text-color has-normal-font-size\">T\u00fc\u00fcbikoolitused bensiinimootoriga kopteritel:<\/p>\n\n\n\n<div class=\"wp-block-group alignfull\"><div class=\"wp-block-group__inner-container is-layout-flow wp-block-group-is-layout-flow\">\n<ul class=\"wp-block-list\">\n<li>Helicopter Guimbal Cabri G2 t\u00fc\u00fcbikoolitus \/ Cabri G2<\/li>\n\n\n\n<li>Robinson Helicopter Company R22 t\u00fc\u00fcbikoolitus \/ R22<\/li>\n\n\n\n<li>Robinson Helicopter Company R44 t\u00fc\u00fcbikoolitus \/ R44<\/li>\n<\/ul>\n\n\n\n<p class=\"has-very-dark-gray-color has-text-color has-normal-font-size\">T\u00fc\u00fcbikoolitused turbiinmootoriga kopteritel:<\/p>\n\n\n\n<ul class=\"wp-block-list\">\n<li>Bell Textron Bell 505 t\u00fc\u00fcbikoolitus \/ Bell 505<\/li>\n\n\n\n<li>Eurocopter EC120B t\u00fc\u00fcbikoolitus \/ EC120B<\/li>\n\n\n\n<li>Eurocopter AS350\/ EC130 t\u00fc\u00fcbikoolitus \/ AS350\/EC130<\/li>\n\n\n\n<li>Eurocopter EC135 t\u00fc\u00fcbikoolitus \/ EC135\/635<\/li>\n\n\n\n<li>Robinson Helicopter Company R66 t\u00fc\u00fcbikoolitus \/ R66<\/li>\n<\/ul>\n<\/div><\/div>\n\n\n\n<p><strong><a href=\"https:\/\/piloodikool.ee\/?page_id=677\">Vaata t\u00e4psemalt siit<\/a><\/strong><\/p>\n<\/div><figure class=\"wp-block-media-text__media\"><img loading=\"lazy\" decoding=\"async\" width=\"1024\" height=\"964\" src=\"https:\/\/piloodikool.ee\/wp-content\/uploads\/2020\/04\/IMG_7966-1024x964.jpeg\" alt=\"\" class=\"wp-image-202 size-full\" srcset=\"https:\/\/piloodikool.ee\/wp-content\/uploads\/2020\/04\/IMG_7966-1024x964.jpeg 1024w, https:\/\/piloodikool.ee\/wp-content\/uploads\/2020\/04\/IMG_7966-300x282.jpeg 300w, https:\/\/piloodikool.ee\/wp-content\/uploads\/2020\/04\/IMG_7966-768x723.jpeg 768w, https:\/\/piloodikool.ee\/wp-content\/uploads\/2020\/04\/IMG_7966-1536x1446.jpeg 1536w, https:\/\/piloodikool.ee\/wp-content\/uploads\/2020\/04\/IMG_7966-2048x1928.jpeg 2048w\" sizes=\"auto, (max-width: 1024px) 100vw, 1024px\" \/><\/figure><\/div>\n\n\n\n<div class=\"wp-block-columns is-layout-flex wp-container-core-columns-is-layout-9d6595d7 wp-block-columns-is-layout-flex\">\n<div class=\"wp-block-column is-layout-flow wp-block-column-is-layout-flow\"><\/div>\n<\/div>\n<\/div><\/div>\n\n\n\n<div class=\"wp-block-media-text alignwide is-stacked-on-mobile is-vertically-aligned-center\" style=\"grid-template-columns:45% auto\"><figure class=\"wp-block-media-text__media\"><img loading=\"lazy\" decoding=\"async\" width=\"594\" height=\"774\" src=\"https:\/\/piloodikool.ee\/wp-content\/uploads\/2021\/12\/00_aih_cover.jpg\" alt=\"\" class=\"wp-image-1227 size-full\" srcset=\"https:\/\/piloodikool.ee\/wp-content\/uploads\/2021\/12\/00_aih_cover.jpg 594w, https:\/\/piloodikool.ee\/wp-content\/uploads\/2021\/12\/00_aih_cover-230x300.jpg 230w\" sizes=\"auto, (max-width: 594px) 100vw, 594px\" \/><\/figure><div class=\"wp-block-media-text__content\">\n<p class=\"has-very-dark-gray-color has-text-color has-large-font-size\">Instruktori koolitused<\/p>\n\n\n\n<div class=\"wp-block-group alignfull\"><div class=\"wp-block-group__inner-container is-layout-flow wp-block-group-is-layout-flow\">\n<ul class=\"wp-block-list\">\n<li>Lennuinstruktori koolitus kopteril \/ FI(H)<\/li>\n\n\n\n<li>Lennuinstruktori koolitus lennukil \/ FI(A)<\/li>\n\n\n\n<li>Instruktorite seminar<\/li>\n<\/ul>\n\n\n\n<p>T\u00fc\u00fcbiinstruktori koolitused:<\/p>\n\n\n\n<ul class=\"wp-block-list\">\n<li>Eurocopter EC135 t\u00fc\u00fcbiinstruktori koolitus \/ TRI(H) EC135\/635<\/li>\n<\/ul>\n<\/div><\/div>\n\n\n\n<p><strong><a href=\"https:\/\/piloodikool.ee\/?page_id=1220\" data-type=\"URL\" data-id=\"https:\/\/piloodikool.ee\/?page_id=1220\">Vaata t\u00e4psemalt siit<\/a><\/strong><\/p>\n<\/div><\/div>\n\n\n\n<p><\/p>\n","protected":false},"excerpt":{"rendered":"<p>Pakume allj\u00e4rgnevaid Transpordiametis sertifitseeritud lennukoolitusi. Algkoolitused Vaata t\u00e4psemalt siit T\u00e4iendkoolitused T\u00fc\u00fcbikoolitused bensiinimootoriga kopteritel: T\u00fc\u00fcbikoolitused turbiinmootoriga kopteritel: Vaata t\u00e4psemalt siit<\/p>\n","protected":false},"author":1,"featured_media":0,"parent":0,"menu_order":0,"comment_status":"closed","ping_status":"closed","template":"","meta":{"footnotes":""},"class_list":["post-59","page","type-page","status-publish","hentry"],"_links":{"self":[{"href":"https:\/\/piloodikool.ee\/index.php?rest_route=\/wp\/v2\/pages\/59","targetHints":{"allow":["GET"]}}],"collection":[{"href":"https:\/\/piloodikool.ee\/index.php?rest_route=\/wp\/v2\/pages"}],"about":[{"href":"https:\/\/piloodikool.ee\/index.php?rest_route=\/wp\/v2\/types\/page"}],"author":[{"embeddable":true,"href":"https:\/\/piloodikool.ee\/index.php?rest_route=\/wp\/v2\/users\/1"}],"replies":[{"embeddable":true,"href":"https:\/\/piloodikool.ee\/index.php?rest_route=%2Fwp%2Fv2%2Fcomments&post=59"}],"version-history":[{"count":0,"href":"https:\/\/piloodikool.ee\/index.php?rest_route=\/wp\/v2\/pages\/59\/revisions"}],"wp:attachment":[{"href":"https:\/\/piloodikool.ee\/index.php?rest_route=%2Fwp%2Fv2%2Fmedia&parent=59"}],"curies":[{"name":"wp","href":"https:\/\/api.w.org\/{rel}","templated":true}]}}