{"id":921,"date":"2021-05-13T15:04:22","date_gmt":"2021-05-13T15:04:22","guid":{"rendered":"https:\/\/piloodikool.ee\/?page_id=921"},"modified":"2024-10-03T19:24:01","modified_gmt":"2024-10-03T19:24:01","slug":"tutvumislend","status":"publish","type":"page","link":"https:\/\/piloodikool.ee\/?page_id=921","title":{"rendered":"TUTVUMISLENNUD"},"content":{"rendered":"\n<div class=\"wp-block-media-text alignwide is-stacked-on-mobile is-vertically-aligned-center\"><figure class=\"wp-block-media-text__media\"><img loading=\"lazy\" decoding=\"async\" width=\"1024\" height=\"768\" src=\"https:\/\/piloodikool.ee\/wp-content\/uploads\/2020\/04\/2015-08-10-16.22.11-1024x768.jpeg\" alt=\"\" class=\"wp-image-253 size-full\" srcset=\"https:\/\/piloodikool.ee\/wp-content\/uploads\/2020\/04\/2015-08-10-16.22.11-1024x768.jpeg 1024w, https:\/\/piloodikool.ee\/wp-content\/uploads\/2020\/04\/2015-08-10-16.22.11-300x225.jpeg 300w, https:\/\/piloodikool.ee\/wp-content\/uploads\/2020\/04\/2015-08-10-16.22.11-768x576.jpeg 768w, https:\/\/piloodikool.ee\/wp-content\/uploads\/2020\/04\/2015-08-10-16.22.11-1536x1152.jpeg 1536w, https:\/\/piloodikool.ee\/wp-content\/uploads\/2020\/04\/2015-08-10-16.22.11-2048x1536.jpeg 2048w\" sizes=\"auto, (max-width: 1024px) 100vw, 1024px\" \/><\/figure><div class=\"wp-block-media-text__content\">\n<p class=\"has-text-align-left has-medium-font-size\">Tutvumislend kopteril v\u00f5i lennukil<\/p>\n\n\n\n<p class=\"has-text-align-center\">Tutvumislend annab vastuse k\u00f5ikidele k\u00fcsimustele, mis v\u00f5ivad olla tekkinud seoses piloodi koolitusega. Tutvumislend koosneb lennueelsest briifingust, mille jooksul instruktor annab \u00fclevaate tehtavatest man\u00f6\u00f6vritest. Lennust kopteril v\u00f5i lennukil, mille k\u00e4igus saab piloodi istekohalt esimesed kogemused lennuki v\u00f5i kopteri juhtimisel ja lennuj\u00e4rgsest kokkuv\u00f5ttest. Lend ise on kestvusega 30 minutit. Lennu k\u00e4igus tutvustab \u00f5petaja k\u00f5ike lendamisega seonduvat ja lisaks esimesele lennukogemusele saab ka selge \u00fclevaate, mis piloodi\u00f5pingutel ees ootab. <\/p>\n\n\n\n<p class=\"has-text-align-center\">Tutvumislennu kestvus on 30 min. Koos ettevalmistuse ja kokkuv\u00f5ttega 1h ja 30 min. <\/p>\n\n\n\n<p class=\"has-text-align-center\">Tutvumislennu maksumus lennukil on 550 eurot(kaasa saab v\u00f5tta 1 s\u00f5bra). Tutvumislennu maksumus kopteril s\u00f5ltub kopteri t\u00fc\u00fcbist, millel lennatakse. R44 kopteril on maksumus 1000 eurot (kaasa saab v\u00f5tta 1 s\u00f5bra) ja EC120B kopteril on maksumus 1500 eurot (kaasa saab v\u00f5tta 2 s\u00f5pra).<\/p>\n<\/div><\/div>\n\n\n\n<h2 class=\"wp-block-heading has-text-align-center\" id=\"huvi-korral-palume-uhendust-votta-info-piloodikool-ee-voi-telefonil-372-58040560\"><strong>Huvi korral palume \u00fchendust v\u00f5tta info@piloodikool.ee v\u00f5i telefonil +372 58 900 050.<\/strong><\/h2>\n","protected":false},"excerpt":{"rendered":"<p>Tutvumislend kopteril v\u00f5i lennukil Tutvumislend annab vastuse k\u00f5ikidele k\u00fcsimustele, mis v\u00f5ivad olla tekkinud seoses piloodi koolitusega. Tutvumislend koosneb lennueelsest briifingust, mille jooksul instruktor annab \u00fclevaate tehtavatest man\u00f6\u00f6vritest. Lennust kopteril v\u00f5i lennukil, mille k\u00e4igus saab piloodi istekohalt esimesed kogemused lennuki v\u00f5i kopteri juhtimisel ja lennuj\u00e4rgsest kokkuv\u00f5ttest. Lend ise on kestvusega 30 minutit. Lennu k\u00e4igus tutvustab \u00f5petaja k\u00f5ike lendamisega seonduvat ja lisaks&hellip;<\/p>\n","protected":false},"author":1,"featured_media":0,"parent":0,"menu_order":0,"comment_status":"closed","ping_status":"closed","template":"","meta":{"footnotes":""},"class_list":["post-921","page","type-page","status-publish","hentry"],"_links":{"self":[{"href":"https:\/\/piloodikool.ee\/index.php?rest_route=\/wp\/v2\/pages\/921","targetHints":{"allow":["GET"]}}],"collection":[{"href":"https:\/\/piloodikool.ee\/index.php?rest_route=\/wp\/v2\/pages"}],"about":[{"href":"https:\/\/piloodikool.ee\/index.php?rest_route=\/wp\/v2\/types\/page"}],"author":[{"embeddable":true,"href":"https:\/\/piloodikool.ee\/index.php?rest_route=\/wp\/v2\/users\/1"}],"replies":[{"embeddable":true,"href":"https:\/\/piloodikool.ee\/index.php?rest_route=%2Fwp%2Fv2%2Fcomments&post=921"}],"version-history":[{"count":0,"href":"https:\/\/piloodikool.ee\/index.php?rest_route=\/wp\/v2\/pages\/921\/revisions"}],"wp:attachment":[{"href":"https:\/\/piloodikool.ee\/index.php?rest_route=%2Fwp%2Fv2%2Fmedia&parent=921"}],"curies":[{"name":"wp","href":"https:\/\/api.w.org\/{rel}","templated":true}]}}